{"id":2346,"date":"2023-06-12T12:03:40","date_gmt":"2023-06-12T12:03:40","guid":{"rendered":"https:\/\/caffesapori.com\/?post_type=product&#038;p=2346"},"modified":"2026-03-19T12:27:19","modified_gmt":"2026-03-19T15:27:19","slug":"aove-blend-tradicional","status":"publish","type":"product","link":"https:\/\/caffesapori.com\/en\/product\/aove-blend-tradicional\/","title":{"rendered":"AOVE Blend tradicional 0,5L"},"content":{"rendered":"<div class=\"column\">\n<p data-start=\"549\" data-end=\"864\">Nuestro <strong data-start=\"557\" data-end=\"583\">AOVE Blend Tradicional<\/strong> es un aceite de oliva extra virgen de perfil equilibrado, pensado para acompa\u00f1ar la cocina diaria sin opacar los sabores de los alimentos. Presenta un <strong data-start=\"735\" data-end=\"752\">frutado medio<\/strong>, con un balance arm\u00f3nico entre lo verde y lo maduro, y una intensidad justa de <strong data-start=\"832\" data-end=\"863\">amargor y picante moderados<\/strong>.<\/p>\n<p data-start=\"866\" data-end=\"1100\">En nariz y boca se perciben <strong data-start=\"894\" data-end=\"947\">notas frescas de manzana verde, almendra y tomate<\/strong>, que aportan complejidad sin resultar invasivas. Es el aceite m\u00e1s vers\u00e1til de la l\u00ednea, ideal tanto para uso hogare\u00f1o como para gastronom\u00eda profesional.<\/p>\n<p data-start=\"1102\" data-end=\"1238\"><strong data-start=\"1102\" data-end=\"1122\">Uso recomendado:<\/strong><br data-start=\"1122\" data-end=\"1125\" \/>Perfecto para pastas, arroces, quesos suaves, vegetales grillados, ensaladas y terminaciones en platos calientes.<\/p>\n<p data-start=\"1240\" data-end=\"1404\"><strong data-start=\"1240\" data-end=\"1261\">Perfil comercial:<\/strong><br data-start=\"1261\" data-end=\"1264\" \/>Excelente opci\u00f3n para tiendas gourmet y restaurantes que buscan un AOVE equilibrado, estable y f\u00e1cil de integrar en m\u00faltiples preparaciones.<\/p>\n<p data-start=\"1406\" data-end=\"1427\"><strong data-start=\"1406\" data-end=\"1425\">Datos t\u00e9cnicos:<\/strong><\/p>\n<ul data-start=\"1428\" data-end=\"1572\">\n<li data-start=\"1428\" data-end=\"1473\">\n<p data-start=\"1430\" data-end=\"1473\">Tipo: Aceite de Oliva Extra Virgen (AOVE)<\/p>\n<\/li>\n<li data-start=\"1474\" data-end=\"1512\">\n<p data-start=\"1476\" data-end=\"1512\">Perfil: Frutado medio, equilibrado<\/p>\n<\/li>\n<li data-start=\"1513\" data-end=\"1536\">\n<p data-start=\"1515\" data-end=\"1536\">Acidez: Menor a 0,5<\/p>\n<\/li>\n<li data-start=\"1537\" data-end=\"1572\">\n<p data-start=\"1539\" data-end=\"1572\">Presentaciones: 1 litro \/ 500 ml<\/p>\n<\/li>\n<\/ul>\n<div class=\"row mb-4\">\n<div class=\"col-md-4\">\n<p class=\"h3\"><strong>Medios de pago<\/strong><\/p>\n<\/div>\n<div class=\"col-md-8\"><img decoding=\"async\" class=\"icon-logo lazyloaded\" src=\"https:\/\/d26lpennugtm8s.cloudfront.net\/assets\/common\/img\/logos\/payment\/new_logos_payment\/visa@2x.png\" alt=\"visa\" width=\"40\" height=\"25\" data-src=\"\/\/d26lpennugtm8s.cloudfront.net\/assets\/common\/img\/logos\/payment\/new_logos_payment\/visa@2x.png\" \/>\u00a0<img decoding=\"async\" class=\"icon-logo lazyloaded\" src=\"https:\/\/d26lpennugtm8s.cloudfront.net\/assets\/common\/img\/logos\/payment\/new_logos_payment\/mastercard@2x.png\" alt=\"mastercard\" width=\"40\" height=\"25\" data-src=\"\/\/d26lpennugtm8s.cloudfront.net\/assets\/common\/img\/logos\/payment\/new_logos_payment\/mastercard@2x.png\" \/>\u00a0<img decoding=\"async\" class=\"icon-logo lazyloaded\" src=\"https:\/\/d26lpennugtm8s.cloudfront.net\/assets\/common\/img\/logos\/payment\/new_logos_payment\/amex@2x.png\" alt=\"amex\" width=\"40\" height=\"25\" data-src=\"\/\/d26lpennugtm8s.cloudfront.net\/assets\/common\/img\/logos\/payment\/new_logos_payment\/amex@2x.png\" \/>\u00a0<img loading=\"lazy\" decoding=\"async\" class=\"icon-logo lazyloaded\" src=\"https:\/\/d26lpennugtm8s.cloudfront.net\/assets\/common\/img\/logos\/payment\/new_logos_payment\/diners@2x.png\" alt=\"diners\" width=\"40\" height=\"25\" data-src=\"\/\/d26lpennugtm8s.cloudfront.net\/assets\/common\/img\/logos\/payment\/new_logos_payment\/diners@2x.png\" \/>\u00a0<img loading=\"lazy\" decoding=\"async\" class=\"icon-logo lazyloaded\" src=\"https:\/\/d26lpennugtm8s.cloudfront.net\/assets\/common\/img\/logos\/payment\/new_logos_payment\/ar\/cabal@2x.png\" alt=\"ar_cabal\" width=\"40\" height=\"25\" data-src=\"\/\/d26lpennugtm8s.cloudfront.net\/assets\/common\/img\/logos\/payment\/new_logos_payment\/ar\/cabal@2x.png\" \/>\u00a0<img loading=\"lazy\" decoding=\"async\" class=\"icon-logo lazyloaded\" src=\"https:\/\/d26lpennugtm8s.cloudfront.net\/assets\/common\/img\/logos\/payment\/new_logos_payment\/ar\/tarjeta-naranja@2x.png\" alt=\"ar_tarjeta-naranja\" width=\"40\" height=\"25\" data-src=\"\/\/d26lpennugtm8s.cloudfront.net\/assets\/common\/img\/logos\/payment\/new_logos_payment\/ar\/tarjeta-naranja@2x.png\" \/>\u00a0<img loading=\"lazy\" decoding=\"async\" class=\"icon-logo lazyloaded\" src=\"https:\/\/d26lpennugtm8s.cloudfront.net\/assets\/common\/img\/logos\/payment\/new_logos_payment\/ar\/tarjeta-shopping@2x.png\" alt=\"ar_tarjeta-shopping\" width=\"40\" height=\"25\" data-src=\"\/\/d26lpennugtm8s.cloudfront.net\/assets\/common\/img\/logos\/payment\/new_logos_payment\/ar\/tarjeta-shopping@2x.png\" \/>\u00a0<img loading=\"lazy\" decoding=\"async\" class=\"icon-logo lazyloaded\" src=\"https:\/\/d26lpennugtm8s.cloudfront.net\/assets\/common\/img\/logos\/payment\/new_logos_payment\/custom@2x.png\" alt=\"custom\" width=\"40\" height=\"25\" data-src=\"\/\/d26lpennugtm8s.cloudfront.net\/assets\/common\/img\/logos\/payment\/new_logos_payment\/custom@2x.png\" \/>\u00a0<img loading=\"lazy\" decoding=\"async\" class=\"icon-logo lazyloaded\" src=\"https:\/\/d26lpennugtm8s.cloudfront.net\/assets\/common\/img\/logos\/payment\/new_logos_payment\/ar\/argencard@2x.png\" alt=\"ar_argencard\" width=\"40\" height=\"25\" data-src=\"\/\/d26lpennugtm8s.cloudfront.net\/assets\/common\/img\/logos\/payment\/new_logos_payment\/ar\/argencard@2x.png\" \/>\u00a0<img loading=\"lazy\" decoding=\"async\" class=\"icon-logo lazyloaded\" src=\"https:\/\/d26lpennugtm8s.cloudfront.net\/assets\/common\/img\/logos\/payment\/new_logos_payment\/ar\/cencosud@2x.png\" alt=\"ar_cencosud\" width=\"40\" height=\"25\" data-src=\"\/\/d26lpennugtm8s.cloudfront.net\/assets\/common\/img\/logos\/payment\/new_logos_payment\/ar\/cencosud@2x.png\" \/>\u00a0<img loading=\"lazy\" decoding=\"async\" class=\"icon-logo lazyloaded\" src=\"https:\/\/d26lpennugtm8s.cloudfront.net\/assets\/common\/img\/logos\/payment\/new_logos_payment\/ar\/cabaldebit@2x.png\" alt=\"ar_cabaldebit\" width=\"40\" height=\"25\" data-src=\"\/\/d26lpennugtm8s.cloudfront.net\/assets\/common\/img\/logos\/payment\/new_logos_payment\/ar\/cabaldebit@2x.png\" \/>\u00a0<img loading=\"lazy\" decoding=\"async\" class=\"icon-logo lazyloaded\" src=\"https:\/\/d26lpennugtm8s.cloudfront.net\/assets\/common\/img\/logos\/payment\/new_logos_payment\/maestro@2x.png\" alt=\"maestro\" width=\"40\" height=\"25\" data-src=\"\/\/d26lpennugtm8s.cloudfront.net\/assets\/common\/img\/logos\/payment\/new_logos_payment\/maestro@2x.png\" \/>\u00a0<img loading=\"lazy\" decoding=\"async\" class=\"icon-logo lazyloaded\" src=\"https:\/\/d26lpennugtm8s.cloudfront.net\/assets\/common\/img\/logos\/payment\/new_logos_payment\/visadebit@2x.png\" alt=\"visadebit\" width=\"40\" height=\"25\" data-src=\"\/\/d26lpennugtm8s.cloudfront.net\/assets\/common\/img\/logos\/payment\/new_logos_payment\/visadebit@2x.png\" \/><\/div>\n<\/div>\n<div class=\"row mb-4\">\n<div class=\"col-md-4\">\n<p>&nbsp;<\/p>\n<p class=\"h3\"><strong>Medios de env\u00edo<\/strong><\/p>\n<\/div>\n<div class=\"col-md-8\"><img loading=\"lazy\" decoding=\"async\" class=\"icon-logo lazyloaded\" src=\"https:\/\/d26lpennugtm8s.cloudfront.net\/assets\/common\/img\/logos\/shipping\/api\/2682@2x.png\" alt=\"api_2682\" width=\"40\" height=\"25\" data-src=\"\/\/d26lpennugtm8s.cloudfront.net\/assets\/common\/img\/logos\/shipping\/api\/2682@2x.png\" \/><\/div>\n<\/div>\n<\/div>","protected":false},"excerpt":{"rendered":"<p><a href=\"https:\/\/caffesapori.com\/en\/marca\/centenario\/\" target=\"_blank\" rel=\"noopener\"><img loading=\"lazy\" decoding=\"async\" class=\"alignnone wp-image-35264\" src=\"http:\/\/caffesapori.com\/wp-content\/uploads\/2023\/06\/Caffe-Sapori-17-300x28.png\" alt=\"\" width=\"193\" height=\"18\" srcset=\"https:\/\/caffesapori.com\/wp-content\/uploads\/2023\/06\/Caffe-Sapori-17-300x28.png 300w, https:\/\/caffesapori.com\/wp-content\/uploads\/2023\/06\/Caffe-Sapori-17-scaled-600x55.png 600w, https:\/\/caffesapori.com\/wp-content\/uploads\/2023\/06\/Caffe-Sapori-17-1024x94.png 1024w, https:\/\/caffesapori.com\/wp-content\/uploads\/2023\/06\/Caffe-Sapori-17-768x71.png 768w, https:\/\/caffesapori.com\/wp-content\/uploads\/2023\/06\/Caffe-Sapori-17-1536x141.png 1536w, https:\/\/caffesapori.com\/wp-content\/uploads\/2023\/06\/Caffe-Sapori-17-2048x189.png 2048w, https:\/\/caffesapori.com\/wp-content\/uploads\/2023\/06\/Caffe-Sapori-17-18x2.png 18w, https:\/\/caffesapori.com\/wp-content\/uploads\/2023\/06\/Caffe-Sapori-17-370x34.png 370w, https:\/\/caffesapori.com\/wp-content\/uploads\/2023\/06\/Caffe-Sapori-17-840x77.png 840w, https:\/\/caffesapori.com\/wp-content\/uploads\/2023\/06\/Caffe-Sapori-17-410x38.png 410w\" sizes=\"(max-width: 193px) 100vw, 193px\" \/><\/a><\/p>\n<p>Aceite de oliva extra virgen (AOVE) Blend Tradicional de frutado medio, con equilibrio entre notas verdes y maduras. Amargor y picante moderados, con matices de manzana verde, almendra y tomate. Ideal para el uso diario en pastas, arroces, quesos suaves y vegetales grillados. Acidez menor a 0,5.<\/p>\n<p><strong>0.5 L<\/strong><\/p>","protected":false},"featured_media":35186,"comment_status":"open","ping_status":"closed","template":"","meta":{"_joinchat":{"message_text":"\ud83d\uded2 Quiero comprar este producto.","message_send":"\ud83d\udc4b \u00a1Hola! Quiero comprar {PRODUCT}.\n\u00bfMe ayud\u00e1s con el precio, stock y formas de pago?"}},"product_brand":[253],"product_cat":[250],"product_tag":[],"class_list":{"0":"post-2346","1":"product","2":"type-product","3":"status-publish","4":"has-post-thumbnail","6":"product_brand-centenario","7":"product_cat-aceite-de-oliva","9":"first","10":"instock","11":"shipping-taxable","12":"purchasable","13":"product-type-simple"},"yoast_head":"<!-- This site is optimized with the Yoast SEO plugin v27.3 - https:\/\/yoast.com\/product\/yoast-seo-wordpress\/ -->\n<title>AOVE Blend tradicional 0,5L - Caff\u00e8 &amp; Sapori<\/title>\n<meta name=\"description\" content=\"AOVE Blend Tradicional: aceite de oliva extra virgen equilibrado, frutado medio con notas de manzana, almendra y tomate. Env\u00edos a toda Argentina.\" \/>\n<meta name=\"robots\" content=\"index, follow, max-snippet:-1, max-image-preview:large, max-video-preview:-1\" \/>\n<link rel=\"canonical\" href=\"https:\/\/caffesapori.com\/en\/product\/aove-blend-tradicional\/\" \/>\n<meta property=\"og:locale\" content=\"en_US\" \/>\n<meta property=\"og:type\" content=\"article\" \/>\n<meta property=\"og:title\" content=\"AOVE Blend tradicional 0,5L - Caff\u00e8 &amp; Sapori\" \/>\n<meta property=\"og:description\" content=\"AOVE Blend Tradicional: aceite de oliva extra virgen equilibrado, frutado medio con notas de manzana, almendra y tomate. Env\u00edos a toda Argentina.\" \/>\n<meta property=\"og:url\" content=\"https:\/\/caffesapori.com\/en\/product\/aove-blend-tradicional\/\" \/>\n<meta property=\"og:site_name\" content=\"Caff\u00e8 &amp; Sapori\" \/>\n<meta property=\"article:modified_time\" content=\"2026-03-19T15:27:19+00:00\" \/>\n<meta property=\"og:image\" content=\"http:\/\/caffesapori.com\/wp-content\/uploads\/2023\/06\/1-scaled.jpg\" \/>\n\t<meta property=\"og:image:width\" content=\"2327\" \/>\n\t<meta property=\"og:image:height\" content=\"2560\" \/>\n\t<meta property=\"og:image:type\" content=\"image\/jpeg\" \/>\n<meta name=\"twitter:card\" content=\"summary_large_image\" \/>\n<meta name=\"twitter:label1\" content=\"Est. reading time\" \/>\n\t<meta name=\"twitter:data1\" content=\"4 minutes\" \/>\n<script type=\"application\/ld+json\" class=\"yoast-schema-graph\">{\"@context\":\"https:\\\/\\\/schema.org\",\"@graph\":[{\"@type\":\"WebPage\",\"@id\":\"https:\\\/\\\/caffesapori.com\\\/product\\\/aove-blend-tradicional\\\/\",\"url\":\"https:\\\/\\\/caffesapori.com\\\/product\\\/aove-blend-tradicional\\\/\",\"name\":\"AOVE Blend tradicional 0,5L - Caff\u00e8 &amp; Sapori\",\"isPartOf\":{\"@id\":\"https:\\\/\\\/caffesapori.com\\\/#website\"},\"primaryImageOfPage\":{\"@id\":\"https:\\\/\\\/caffesapori.com\\\/product\\\/aove-blend-tradicional\\\/#primaryimage\"},\"image\":{\"@id\":\"https:\\\/\\\/caffesapori.com\\\/product\\\/aove-blend-tradicional\\\/#primaryimage\"},\"thumbnailUrl\":\"https:\\\/\\\/caffesapori.com\\\/wp-content\\\/uploads\\\/2023\\\/06\\\/1-scaled.jpg\",\"datePublished\":\"2023-06-12T12:03:40+00:00\",\"dateModified\":\"2026-03-19T15:27:19+00:00\",\"description\":\"AOVE Blend Tradicional: aceite de oliva extra virgen equilibrado, frutado medio con notas de manzana, almendra y tomate. Env\u00edos a toda Argentina.\",\"breadcrumb\":{\"@id\":\"https:\\\/\\\/caffesapori.com\\\/product\\\/aove-blend-tradicional\\\/#breadcrumb\"},\"inLanguage\":\"en-US\",\"potentialAction\":[{\"@type\":\"ReadAction\",\"target\":[\"https:\\\/\\\/caffesapori.com\\\/product\\\/aove-blend-tradicional\\\/\"]}]},{\"@type\":\"ImageObject\",\"inLanguage\":\"en-US\",\"@id\":\"https:\\\/\\\/caffesapori.com\\\/product\\\/aove-blend-tradicional\\\/#primaryimage\",\"url\":\"https:\\\/\\\/caffesapori.com\\\/wp-content\\\/uploads\\\/2023\\\/06\\\/1-scaled.jpg\",\"contentUrl\":\"https:\\\/\\\/caffesapori.com\\\/wp-content\\\/uploads\\\/2023\\\/06\\\/1-scaled.jpg\",\"width\":2327,\"height\":2560},{\"@type\":\"BreadcrumbList\",\"@id\":\"https:\\\/\\\/caffesapori.com\\\/product\\\/aove-blend-tradicional\\\/#breadcrumb\",\"itemListElement\":[{\"@type\":\"ListItem\",\"position\":1,\"name\":\"Inicio\",\"item\":\"https:\\\/\\\/caffesapori.com\\\/\"},{\"@type\":\"ListItem\",\"position\":2,\"name\":\"Tienda online\",\"item\":\"https:\\\/\\\/caffesapori.com\\\/shop\\\/\"},{\"@type\":\"ListItem\",\"position\":3,\"name\":\"AOVE Blend tradicional 0,5L\"}]},{\"@type\":\"WebSite\",\"@id\":\"https:\\\/\\\/caffesapori.com\\\/#website\",\"url\":\"https:\\\/\\\/caffesapori.com\\\/\",\"name\":\"Caff\u00e8 &amp; Sapori\",\"description\":\"Il gusto dell\u2019Italia\",\"publisher\":{\"@id\":\"https:\\\/\\\/caffesapori.com\\\/#organization\"},\"potentialAction\":[{\"@type\":\"SearchAction\",\"target\":{\"@type\":\"EntryPoint\",\"urlTemplate\":\"https:\\\/\\\/caffesapori.com\\\/?s={search_term_string}\"},\"query-input\":{\"@type\":\"PropertyValueSpecification\",\"valueRequired\":true,\"valueName\":\"search_term_string\"}}],\"inLanguage\":\"en-US\"},{\"@type\":\"Organization\",\"@id\":\"https:\\\/\\\/caffesapori.com\\\/#organization\",\"name\":\"Caff\u00e8 &amp; Sapori\",\"url\":\"https:\\\/\\\/caffesapori.com\\\/\",\"logo\":{\"@type\":\"ImageObject\",\"inLanguage\":\"en-US\",\"@id\":\"https:\\\/\\\/caffesapori.com\\\/#\\\/schema\\\/logo\\\/image\\\/\",\"url\":\"\",\"contentUrl\":\"\",\"caption\":\"Caff\u00e8 &amp; Sapori\"},\"image\":{\"@id\":\"https:\\\/\\\/caffesapori.com\\\/#\\\/schema\\\/logo\\\/image\\\/\"}}]}<\/script>\n<!-- \/ Yoast SEO plugin. -->","yoast_head_json":{"title":"AOVE Blend tradicional 0,5L - Caff\u00e8 &amp; Sapori","description":"AOVE Blend Tradicional: aceite de oliva extra virgen equilibrado, frutado medio con notas de manzana, almendra y tomate. Env\u00edos a toda Argentina.","robots":{"index":"index","follow":"follow","max-snippet":"max-snippet:-1","max-image-preview":"max-image-preview:large","max-video-preview":"max-video-preview:-1"},"canonical":"https:\/\/caffesapori.com\/en\/product\/aove-blend-tradicional\/","og_locale":"en_US","og_type":"article","og_title":"AOVE Blend tradicional 0,5L - Caff\u00e8 &amp; Sapori","og_description":"AOVE Blend Tradicional: aceite de oliva extra virgen equilibrado, frutado medio con notas de manzana, almendra y tomate. Env\u00edos a toda Argentina.","og_url":"https:\/\/caffesapori.com\/en\/product\/aove-blend-tradicional\/","og_site_name":"Caff\u00e8 &amp; Sapori","article_modified_time":"2026-03-19T15:27:19+00:00","og_image":[{"width":2327,"height":2560,"url":"http:\/\/caffesapori.com\/wp-content\/uploads\/2023\/06\/1-scaled.jpg","type":"image\/jpeg"}],"twitter_card":"summary_large_image","twitter_misc":{"Est. reading time":"4 minutes"},"schema":{"@context":"https:\/\/schema.org","@graph":[{"@type":"WebPage","@id":"https:\/\/caffesapori.com\/product\/aove-blend-tradicional\/","url":"https:\/\/caffesapori.com\/product\/aove-blend-tradicional\/","name":"AOVE Blend tradicional 0,5L - Caff\u00e8 &amp; Sapori","isPartOf":{"@id":"https:\/\/caffesapori.com\/#website"},"primaryImageOfPage":{"@id":"https:\/\/caffesapori.com\/product\/aove-blend-tradicional\/#primaryimage"},"image":{"@id":"https:\/\/caffesapori.com\/product\/aove-blend-tradicional\/#primaryimage"},"thumbnailUrl":"https:\/\/caffesapori.com\/wp-content\/uploads\/2023\/06\/1-scaled.jpg","datePublished":"2023-06-12T12:03:40+00:00","dateModified":"2026-03-19T15:27:19+00:00","description":"AOVE Blend Tradicional: aceite de oliva extra virgen equilibrado, frutado medio con notas de manzana, almendra y tomate. Env\u00edos a toda Argentina.","breadcrumb":{"@id":"https:\/\/caffesapori.com\/product\/aove-blend-tradicional\/#breadcrumb"},"inLanguage":"en-US","potentialAction":[{"@type":"ReadAction","target":["https:\/\/caffesapori.com\/product\/aove-blend-tradicional\/"]}]},{"@type":"ImageObject","inLanguage":"en-US","@id":"https:\/\/caffesapori.com\/product\/aove-blend-tradicional\/#primaryimage","url":"https:\/\/caffesapori.com\/wp-content\/uploads\/2023\/06\/1-scaled.jpg","contentUrl":"https:\/\/caffesapori.com\/wp-content\/uploads\/2023\/06\/1-scaled.jpg","width":2327,"height":2560},{"@type":"BreadcrumbList","@id":"https:\/\/caffesapori.com\/product\/aove-blend-tradicional\/#breadcrumb","itemListElement":[{"@type":"ListItem","position":1,"name":"Inicio","item":"https:\/\/caffesapori.com\/"},{"@type":"ListItem","position":2,"name":"Tienda online","item":"https:\/\/caffesapori.com\/shop\/"},{"@type":"ListItem","position":3,"name":"AOVE Blend tradicional 0,5L"}]},{"@type":"WebSite","@id":"https:\/\/caffesapori.com\/#website","url":"https:\/\/caffesapori.com\/","name":"Caff\u00e8 &amp; Sapori","description":"Il gusto dell\u2019Italia","publisher":{"@id":"https:\/\/caffesapori.com\/#organization"},"potentialAction":[{"@type":"SearchAction","target":{"@type":"EntryPoint","urlTemplate":"https:\/\/caffesapori.com\/?s={search_term_string}"},"query-input":{"@type":"PropertyValueSpecification","valueRequired":true,"valueName":"search_term_string"}}],"inLanguage":"en-US"},{"@type":"Organization","@id":"https:\/\/caffesapori.com\/#organization","name":"Caff\u00e8 &amp; Sapori","url":"https:\/\/caffesapori.com\/","logo":{"@type":"ImageObject","inLanguage":"en-US","@id":"https:\/\/caffesapori.com\/#\/schema\/logo\/image\/","url":"","contentUrl":"","caption":"Caff\u00e8 &amp; Sapori"},"image":{"@id":"https:\/\/caffesapori.com\/#\/schema\/logo\/image\/"}}]}},"_links":{"self":[{"href":"https:\/\/caffesapori.com\/en\/wp-json\/wp\/v2\/product\/2346","targetHints":{"allow":["GET"]}}],"collection":[{"href":"https:\/\/caffesapori.com\/en\/wp-json\/wp\/v2\/product"}],"about":[{"href":"https:\/\/caffesapori.com\/en\/wp-json\/wp\/v2\/types\/product"}],"replies":[{"embeddable":true,"href":"https:\/\/caffesapori.com\/en\/wp-json\/wp\/v2\/comments?post=2346"}],"wp:featuredmedia":[{"embeddable":true,"href":"https:\/\/caffesapori.com\/en\/wp-json\/wp\/v2\/media\/35186"}],"wp:attachment":[{"href":"https:\/\/caffesapori.com\/en\/wp-json\/wp\/v2\/media?parent=2346"}],"wp:term":[{"taxonomy":"product_brand","embeddable":true,"href":"https:\/\/caffesapori.com\/en\/wp-json\/wp\/v2\/product_brand?post=2346"},{"taxonomy":"product_cat","embeddable":true,"href":"https:\/\/caffesapori.com\/en\/wp-json\/wp\/v2\/product_cat?post=2346"},{"taxonomy":"product_tag","embeddable":true,"href":"https:\/\/caffesapori.com\/en\/wp-json\/wp\/v2\/product_tag?post=2346"}],"curies":[{"name":"wp","href":"https:\/\/api.w.org\/{rel}","templated":true}]}}