{"id":35331,"date":"2026-02-10T20:59:14","date_gmt":"2026-02-10T23:59:14","guid":{"rendered":"https:\/\/caffesapori.com\/?post_type=product&#038;p=35331"},"modified":"2026-03-15T17:47:13","modified_gmt":"2026-03-15T20:47:13","slug":"yerba-mate-organica-akaguapy","status":"publish","type":"product","link":"https:\/\/caffesapori.com\/en\/product\/yerba-mate-organica-akaguapy\/","title":{"rendered":"Yerba Mate Org\u00e1nica Akaguapy"},"content":{"rendered":"<div class=\"column\">\n<p data-start=\"276\" data-end=\"642\">La <strong data-start=\"279\" data-end=\"311\">Yerba Mate Org\u00e1nica Akaguapy<\/strong> nace en el coraz\u00f3n del monte misionero, dentro de una <strong data-start=\"366\" data-end=\"412\">reserva natural protegida de 104 hect\u00e1reas<\/strong> ubicada entre San Vicente y Fracr\u00e1n, Misiones, Argentina. Producida en un entorno de conservaci\u00f3n de biodiversidad, esta yerba respeta los ciclos naturales de la planta y la salud del suelo, sin aditivos ni estimulantes qu\u00edmicos.<\/p>\n<p data-start=\"644\" data-end=\"961\">De <strong data-start=\"647\" data-end=\"671\">molienda tradicional<\/strong>, Akaguapy logra un equilibrio justo entre polvo, palo y hoja, lo que permite una <strong data-start=\"753\" data-end=\"777\">mateada m\u00e1s duradera<\/strong>, suave al paladar y <strong data-start=\"798\" data-end=\"812\">sin acidez<\/strong>. Cuenta con <strong data-start=\"825\" data-end=\"871\">m\u00e1s de 12 meses de estacionamiento natural<\/strong>, lo que le aporta un aroma equilibrado y un sabor arm\u00f3nico, ideal para el consumo diario.<\/p>\n<p data-start=\"963\" data-end=\"1332\">El yerbal se encuentra dentro de un \u00e1rea natural protegida, lo que favorece la calidad del agua, la riqueza del suelo y la convivencia con especies nativas, promoviendo un <strong data-start=\"1135\" data-end=\"1167\">equilibrio ecosist\u00e9mico real<\/strong> y un control natural de plagas. Certificada como <strong data-start=\"1217\" data-end=\"1229\">org\u00e1nica<\/strong>, garantiza trazabilidad, cuidado ambiental y un producto puro, fiel a la tradici\u00f3n del mate argentino.<\/p>\n<p data-start=\"1334\" data-end=\"1501\">Akaguapy no es solo una yerba: es una forma de volver a lo natural, reconectar con el entorno y disfrutar el ritual del mate desde una mirada consciente y sustentable.<\/p>\n<p data-start=\"1503\" data-end=\"1523\"><strong data-start=\"1503\" data-end=\"1523\">Caracter\u00edsticas:<\/strong><\/p>\n<ul data-start=\"1524\" data-end=\"1775\">\n<li data-start=\"1524\" data-end=\"1559\">\n<p data-start=\"1526\" data-end=\"1559\">Yerba mate org\u00e1nica certificada<\/p>\n<\/li>\n<li data-start=\"1560\" data-end=\"1587\">\n<p data-start=\"1562\" data-end=\"1587\">Sabor suave, sin acidez<\/p>\n<\/li>\n<li data-start=\"1588\" data-end=\"1650\">\n<p data-start=\"1590\" data-end=\"1650\">Molienda tradicional (equilibrio entre polvo, palo y hoja)<\/p>\n<\/li>\n<li data-start=\"1651\" data-end=\"1688\">\n<p data-start=\"1653\" data-end=\"1688\">Estacionamiento natural +12 meses<\/p>\n<\/li>\n<li data-start=\"1689\" data-end=\"1720\">\n<p data-start=\"1691\" data-end=\"1720\">Origen: Misiones, Argentina<\/p>\n<\/li>\n<li data-start=\"1721\" data-end=\"1775\">\n<p data-start=\"1723\" data-end=\"1775\">Producci\u00f3n sostenible en reserva natural protegida<\/p>\n<\/li>\n<\/ul>\n<p data-start=\"1777\" data-end=\"1878\">Ideal para consumo diario, para quienes buscan <strong data-start=\"1824\" data-end=\"1877\">calidad, sabor equilibrado y compromiso ambiental.<\/strong><\/p>\n<div class=\"row mb-4\">\n<div class=\"col-md-4\">\n<p>&nbsp;<\/p>\n<p class=\"h3\"><strong>Medios de pago<\/strong><\/p>\n<\/div>\n<div class=\"col-md-8\"><img decoding=\"async\" class=\"icon-logo lazyloaded\" src=\"https:\/\/d26lpennugtm8s.cloudfront.net\/assets\/common\/img\/logos\/payment\/new_logos_payment\/visa@2x.png\" alt=\"visa\" width=\"40\" height=\"25\" data-src=\"\/\/d26lpennugtm8s.cloudfront.net\/assets\/common\/img\/logos\/payment\/new_logos_payment\/visa@2x.png\" \/>\u00a0<img decoding=\"async\" class=\"icon-logo lazyloaded\" src=\"https:\/\/d26lpennugtm8s.cloudfront.net\/assets\/common\/img\/logos\/payment\/new_logos_payment\/mastercard@2x.png\" alt=\"mastercard\" width=\"40\" height=\"25\" data-src=\"\/\/d26lpennugtm8s.cloudfront.net\/assets\/common\/img\/logos\/payment\/new_logos_payment\/mastercard@2x.png\" \/>\u00a0<img decoding=\"async\" class=\"icon-logo lazyloaded\" src=\"https:\/\/d26lpennugtm8s.cloudfront.net\/assets\/common\/img\/logos\/payment\/new_logos_payment\/amex@2x.png\" alt=\"amex\" width=\"40\" height=\"25\" data-src=\"\/\/d26lpennugtm8s.cloudfront.net\/assets\/common\/img\/logos\/payment\/new_logos_payment\/amex@2x.png\" \/>\u00a0<img loading=\"lazy\" decoding=\"async\" class=\"icon-logo lazyloaded\" src=\"https:\/\/d26lpennugtm8s.cloudfront.net\/assets\/common\/img\/logos\/payment\/new_logos_payment\/diners@2x.png\" alt=\"diners\" width=\"40\" height=\"25\" data-src=\"\/\/d26lpennugtm8s.cloudfront.net\/assets\/common\/img\/logos\/payment\/new_logos_payment\/diners@2x.png\" \/>\u00a0<img loading=\"lazy\" decoding=\"async\" class=\"icon-logo lazyloaded\" src=\"https:\/\/d26lpennugtm8s.cloudfront.net\/assets\/common\/img\/logos\/payment\/new_logos_payment\/ar\/cabal@2x.png\" alt=\"ar_cabal\" width=\"40\" height=\"25\" data-src=\"\/\/d26lpennugtm8s.cloudfront.net\/assets\/common\/img\/logos\/payment\/new_logos_payment\/ar\/cabal@2x.png\" \/>\u00a0<img loading=\"lazy\" decoding=\"async\" class=\"icon-logo lazyloaded\" src=\"https:\/\/d26lpennugtm8s.cloudfront.net\/assets\/common\/img\/logos\/payment\/new_logos_payment\/ar\/tarjeta-naranja@2x.png\" alt=\"ar_tarjeta-naranja\" width=\"40\" height=\"25\" data-src=\"\/\/d26lpennugtm8s.cloudfront.net\/assets\/common\/img\/logos\/payment\/new_logos_payment\/ar\/tarjeta-naranja@2x.png\" \/>\u00a0<img loading=\"lazy\" decoding=\"async\" class=\"icon-logo lazyloaded\" src=\"https:\/\/d26lpennugtm8s.cloudfront.net\/assets\/common\/img\/logos\/payment\/new_logos_payment\/ar\/tarjeta-shopping@2x.png\" alt=\"ar_tarjeta-shopping\" width=\"40\" height=\"25\" data-src=\"\/\/d26lpennugtm8s.cloudfront.net\/assets\/common\/img\/logos\/payment\/new_logos_payment\/ar\/tarjeta-shopping@2x.png\" \/>\u00a0<img loading=\"lazy\" decoding=\"async\" class=\"icon-logo lazyloaded\" src=\"https:\/\/d26lpennugtm8s.cloudfront.net\/assets\/common\/img\/logos\/payment\/new_logos_payment\/custom@2x.png\" alt=\"custom\" width=\"40\" height=\"25\" data-src=\"\/\/d26lpennugtm8s.cloudfront.net\/assets\/common\/img\/logos\/payment\/new_logos_payment\/custom@2x.png\" \/>\u00a0<img loading=\"lazy\" decoding=\"async\" class=\"icon-logo lazyloaded\" src=\"https:\/\/d26lpennugtm8s.cloudfront.net\/assets\/common\/img\/logos\/payment\/new_logos_payment\/ar\/argencard@2x.png\" alt=\"ar_argencard\" width=\"40\" height=\"25\" data-src=\"\/\/d26lpennugtm8s.cloudfront.net\/assets\/common\/img\/logos\/payment\/new_logos_payment\/ar\/argencard@2x.png\" \/>\u00a0<img loading=\"lazy\" decoding=\"async\" class=\"icon-logo lazyloaded\" src=\"https:\/\/d26lpennugtm8s.cloudfront.net\/assets\/common\/img\/logos\/payment\/new_logos_payment\/ar\/cencosud@2x.png\" alt=\"ar_cencosud\" width=\"40\" height=\"25\" data-src=\"\/\/d26lpennugtm8s.cloudfront.net\/assets\/common\/img\/logos\/payment\/new_logos_payment\/ar\/cencosud@2x.png\" \/>\u00a0<img loading=\"lazy\" decoding=\"async\" class=\"icon-logo lazyloaded\" src=\"https:\/\/d26lpennugtm8s.cloudfront.net\/assets\/common\/img\/logos\/payment\/new_logos_payment\/ar\/cabaldebit@2x.png\" alt=\"ar_cabaldebit\" width=\"40\" height=\"25\" data-src=\"\/\/d26lpennugtm8s.cloudfront.net\/assets\/common\/img\/logos\/payment\/new_logos_payment\/ar\/cabaldebit@2x.png\" \/>\u00a0<img loading=\"lazy\" decoding=\"async\" class=\"icon-logo lazyloaded\" src=\"https:\/\/d26lpennugtm8s.cloudfront.net\/assets\/common\/img\/logos\/payment\/new_logos_payment\/maestro@2x.png\" alt=\"maestro\" width=\"40\" height=\"25\" data-src=\"\/\/d26lpennugtm8s.cloudfront.net\/assets\/common\/img\/logos\/payment\/new_logos_payment\/maestro@2x.png\" \/>\u00a0<img loading=\"lazy\" decoding=\"async\" class=\"icon-logo lazyloaded\" src=\"https:\/\/d26lpennugtm8s.cloudfront.net\/assets\/common\/img\/logos\/payment\/new_logos_payment\/visadebit@2x.png\" alt=\"visadebit\" width=\"40\" height=\"25\" data-src=\"\/\/d26lpennugtm8s.cloudfront.net\/assets\/common\/img\/logos\/payment\/new_logos_payment\/visadebit@2x.png\" \/><\/div>\n<\/div>\n<div class=\"row mb-4\">\n<div class=\"col-md-4\">\n<p>&nbsp;<\/p>\n<p class=\"h3\"><strong>Medios de env\u00edo<\/strong><\/p>\n<\/div>\n<div class=\"col-md-8\"><img loading=\"lazy\" decoding=\"async\" class=\"icon-logo lazyloaded\" src=\"https:\/\/d26lpennugtm8s.cloudfront.net\/assets\/common\/img\/logos\/shipping\/api\/2682@2x.png\" alt=\"api_2682\" width=\"40\" height=\"25\" data-src=\"\/\/d26lpennugtm8s.cloudfront.net\/assets\/common\/img\/logos\/shipping\/api\/2682@2x.png\" \/><\/div>\n<\/div>\n<\/div>","protected":false},"excerpt":{"rendered":"<p><a href=\"https:\/\/caffesapori.com\/en\/marca\/akaguapy\/\" target=\"_blank\" rel=\"noopener\"><img loading=\"lazy\" decoding=\"async\" class=\"alignnone wp-image-35337\" src=\"http:\/\/caffesapori.com\/wp-content\/uploads\/2026\/02\/Productos-Caffe-Sapori-300x199.png\" alt=\"\" width=\"158\" height=\"105\" srcset=\"https:\/\/caffesapori.com\/wp-content\/uploads\/2026\/02\/Productos-Caffe-Sapori-300x199.png 300w, https:\/\/caffesapori.com\/wp-content\/uploads\/2026\/02\/Productos-Caffe-Sapori-scaled-600x398.png 600w, https:\/\/caffesapori.com\/wp-content\/uploads\/2026\/02\/Productos-Caffe-Sapori-1024x679.png 1024w, https:\/\/caffesapori.com\/wp-content\/uploads\/2026\/02\/Productos-Caffe-Sapori-768x509.png 768w, https:\/\/caffesapori.com\/wp-content\/uploads\/2026\/02\/Productos-Caffe-Sapori-1536x1018.png 1536w, https:\/\/caffesapori.com\/wp-content\/uploads\/2026\/02\/Productos-Caffe-Sapori-2048x1357.png 2048w, https:\/\/caffesapori.com\/wp-content\/uploads\/2026\/02\/Productos-Caffe-Sapori-18x12.png 18w, https:\/\/caffesapori.com\/wp-content\/uploads\/2026\/02\/Productos-Caffe-Sapori-370x245.png 370w, https:\/\/caffesapori.com\/wp-content\/uploads\/2026\/02\/Productos-Caffe-Sapori-840x557.png 840w, https:\/\/caffesapori.com\/wp-content\/uploads\/2026\/02\/Productos-Caffe-Sapori-410x272.png 410w\" sizes=\"(max-width: 158px) 100vw, 158px\" \/><\/a><\/p>\n<p>Yerba mate org\u00e1nica de Misiones, suave y sin acidez.<br data-start=\"1983\" data-end=\"1986\" \/>Molienda tradicional y estacionamiento natural +12 meses.<br data-start=\"2043\" data-end=\"2046\" \/>Sabor equilibrado para una mateada m\u00e1s duradera.<\/p>","protected":false},"featured_media":35338,"comment_status":"open","ping_status":"closed","template":"","meta":{"_joinchat":{"message_text":"\ud83d\uded2 Quiero comprar este producto.","message_send":"\ud83d\udc4b \u00a1Hola! Quiero comprar {PRODUCT}.\n\u00bfMe ayud\u00e1s con el precio, stock y formas de pago?"}},"product_brand":[273],"product_cat":[272],"product_tag":[],"class_list":{"0":"post-35331","1":"product","2":"type-product","3":"status-publish","4":"has-post-thumbnail","6":"product_brand-akaguapy","7":"product_cat-yerba-mate","9":"first","10":"instock","11":"shipping-taxable","12":"purchasable","13":"product-type-simple"},"yoast_head":"<!-- This site is optimized with the Yoast SEO plugin v27.3 - https:\/\/yoast.com\/product\/yoast-seo-wordpress\/ -->\n<title>Yerba Mate Org\u00e1nica Akaguapy - Caff\u00e8 &amp; Sapori<\/title>\n<meta name=\"description\" content=\"Yerba mate org\u00e1nica Akaguapy de Misiones: suave, sin acidez y con estacionamiento natural. Producci\u00f3n sostenible. Env\u00edos a toda Argentina.\" \/>\n<meta name=\"robots\" content=\"index, follow, max-snippet:-1, max-image-preview:large, max-video-preview:-1\" \/>\n<link rel=\"canonical\" href=\"https:\/\/caffesapori.com\/en\/product\/yerba-mate-organica-akaguapy\/\" \/>\n<meta property=\"og:locale\" content=\"en_US\" \/>\n<meta property=\"og:type\" content=\"article\" \/>\n<meta property=\"og:title\" content=\"Yerba Mate Org\u00e1nica Akaguapy - Caff\u00e8 &amp; Sapori\" \/>\n<meta property=\"og:description\" content=\"Yerba mate org\u00e1nica Akaguapy de Misiones: suave, sin acidez y con estacionamiento natural. Producci\u00f3n sostenible. Env\u00edos a toda Argentina.\" \/>\n<meta property=\"og:url\" content=\"https:\/\/caffesapori.com\/en\/product\/yerba-mate-organica-akaguapy\/\" \/>\n<meta property=\"og:site_name\" content=\"Caff\u00e8 &amp; Sapori\" \/>\n<meta property=\"article:modified_time\" content=\"2026-03-15T20:47:13+00:00\" \/>\n<meta property=\"og:image\" content=\"http:\/\/caffesapori.com\/wp-content\/uploads\/2026\/02\/1111111111111111111111111111111111111111111111111111-09-scaled.jpg\" \/>\n\t<meta property=\"og:image:width\" content=\"2327\" \/>\n\t<meta property=\"og:image:height\" content=\"2560\" \/>\n\t<meta property=\"og:image:type\" content=\"image\/jpeg\" \/>\n<meta name=\"twitter:card\" content=\"summary_large_image\" \/>\n<meta name=\"twitter:label1\" content=\"Est. reading time\" \/>\n\t<meta name=\"twitter:data1\" content=\"5 minutes\" \/>\n<script type=\"application\/ld+json\" class=\"yoast-schema-graph\">{\"@context\":\"https:\\\/\\\/schema.org\",\"@graph\":[{\"@type\":\"WebPage\",\"@id\":\"https:\\\/\\\/caffesapori.com\\\/product\\\/yerba-mate-organica-akaguapy\\\/\",\"url\":\"https:\\\/\\\/caffesapori.com\\\/product\\\/yerba-mate-organica-akaguapy\\\/\",\"name\":\"Yerba Mate Org\u00e1nica Akaguapy - Caff\u00e8 &amp; Sapori\",\"isPartOf\":{\"@id\":\"https:\\\/\\\/caffesapori.com\\\/#website\"},\"primaryImageOfPage\":{\"@id\":\"https:\\\/\\\/caffesapori.com\\\/product\\\/yerba-mate-organica-akaguapy\\\/#primaryimage\"},\"image\":{\"@id\":\"https:\\\/\\\/caffesapori.com\\\/product\\\/yerba-mate-organica-akaguapy\\\/#primaryimage\"},\"thumbnailUrl\":\"https:\\\/\\\/caffesapori.com\\\/wp-content\\\/uploads\\\/2026\\\/02\\\/1111111111111111111111111111111111111111111111111111-09-scaled.jpg\",\"datePublished\":\"2026-02-10T23:59:14+00:00\",\"dateModified\":\"2026-03-15T20:47:13+00:00\",\"description\":\"Yerba mate org\u00e1nica Akaguapy de Misiones: suave, sin acidez y con estacionamiento natural. Producci\u00f3n sostenible. Env\u00edos a toda Argentina.\",\"breadcrumb\":{\"@id\":\"https:\\\/\\\/caffesapori.com\\\/product\\\/yerba-mate-organica-akaguapy\\\/#breadcrumb\"},\"inLanguage\":\"en-US\",\"potentialAction\":[{\"@type\":\"ReadAction\",\"target\":[\"https:\\\/\\\/caffesapori.com\\\/product\\\/yerba-mate-organica-akaguapy\\\/\"]}]},{\"@type\":\"ImageObject\",\"inLanguage\":\"en-US\",\"@id\":\"https:\\\/\\\/caffesapori.com\\\/product\\\/yerba-mate-organica-akaguapy\\\/#primaryimage\",\"url\":\"https:\\\/\\\/caffesapori.com\\\/wp-content\\\/uploads\\\/2026\\\/02\\\/1111111111111111111111111111111111111111111111111111-09-scaled.jpg\",\"contentUrl\":\"https:\\\/\\\/caffesapori.com\\\/wp-content\\\/uploads\\\/2026\\\/02\\\/1111111111111111111111111111111111111111111111111111-09-scaled.jpg\",\"width\":2327,\"height\":2560},{\"@type\":\"BreadcrumbList\",\"@id\":\"https:\\\/\\\/caffesapori.com\\\/product\\\/yerba-mate-organica-akaguapy\\\/#breadcrumb\",\"itemListElement\":[{\"@type\":\"ListItem\",\"position\":1,\"name\":\"Inicio\",\"item\":\"https:\\\/\\\/caffesapori.com\\\/\"},{\"@type\":\"ListItem\",\"position\":2,\"name\":\"Tienda online\",\"item\":\"https:\\\/\\\/caffesapori.com\\\/shop\\\/\"},{\"@type\":\"ListItem\",\"position\":3,\"name\":\"Yerba Mate Org\u00e1nica Akaguapy\"}]},{\"@type\":\"WebSite\",\"@id\":\"https:\\\/\\\/caffesapori.com\\\/#website\",\"url\":\"https:\\\/\\\/caffesapori.com\\\/\",\"name\":\"Caff\u00e8 &amp; Sapori\",\"description\":\"Il gusto dell\u2019Italia\",\"publisher\":{\"@id\":\"https:\\\/\\\/caffesapori.com\\\/#organization\"},\"potentialAction\":[{\"@type\":\"SearchAction\",\"target\":{\"@type\":\"EntryPoint\",\"urlTemplate\":\"https:\\\/\\\/caffesapori.com\\\/?s={search_term_string}\"},\"query-input\":{\"@type\":\"PropertyValueSpecification\",\"valueRequired\":true,\"valueName\":\"search_term_string\"}}],\"inLanguage\":\"en-US\"},{\"@type\":\"Organization\",\"@id\":\"https:\\\/\\\/caffesapori.com\\\/#organization\",\"name\":\"Caff\u00e8 &amp; Sapori\",\"url\":\"https:\\\/\\\/caffesapori.com\\\/\",\"logo\":{\"@type\":\"ImageObject\",\"inLanguage\":\"en-US\",\"@id\":\"https:\\\/\\\/caffesapori.com\\\/#\\\/schema\\\/logo\\\/image\\\/\",\"url\":\"\",\"contentUrl\":\"\",\"caption\":\"Caff\u00e8 &amp; Sapori\"},\"image\":{\"@id\":\"https:\\\/\\\/caffesapori.com\\\/#\\\/schema\\\/logo\\\/image\\\/\"}}]}<\/script>\n<!-- \/ Yoast SEO plugin. -->","yoast_head_json":{"title":"Yerba Mate Org\u00e1nica Akaguapy - Caff\u00e8 &amp; Sapori","description":"Yerba mate org\u00e1nica Akaguapy de Misiones: suave, sin acidez y con estacionamiento natural. Producci\u00f3n sostenible. Env\u00edos a toda Argentina.","robots":{"index":"index","follow":"follow","max-snippet":"max-snippet:-1","max-image-preview":"max-image-preview:large","max-video-preview":"max-video-preview:-1"},"canonical":"https:\/\/caffesapori.com\/en\/product\/yerba-mate-organica-akaguapy\/","og_locale":"en_US","og_type":"article","og_title":"Yerba Mate Org\u00e1nica Akaguapy - Caff\u00e8 &amp; Sapori","og_description":"Yerba mate org\u00e1nica Akaguapy de Misiones: suave, sin acidez y con estacionamiento natural. Producci\u00f3n sostenible. Env\u00edos a toda Argentina.","og_url":"https:\/\/caffesapori.com\/en\/product\/yerba-mate-organica-akaguapy\/","og_site_name":"Caff\u00e8 &amp; Sapori","article_modified_time":"2026-03-15T20:47:13+00:00","og_image":[{"width":2327,"height":2560,"url":"http:\/\/caffesapori.com\/wp-content\/uploads\/2026\/02\/1111111111111111111111111111111111111111111111111111-09-scaled.jpg","type":"image\/jpeg"}],"twitter_card":"summary_large_image","twitter_misc":{"Est. reading time":"5 minutes"},"schema":{"@context":"https:\/\/schema.org","@graph":[{"@type":"WebPage","@id":"https:\/\/caffesapori.com\/product\/yerba-mate-organica-akaguapy\/","url":"https:\/\/caffesapori.com\/product\/yerba-mate-organica-akaguapy\/","name":"Yerba Mate Org\u00e1nica Akaguapy - Caff\u00e8 &amp; Sapori","isPartOf":{"@id":"https:\/\/caffesapori.com\/#website"},"primaryImageOfPage":{"@id":"https:\/\/caffesapori.com\/product\/yerba-mate-organica-akaguapy\/#primaryimage"},"image":{"@id":"https:\/\/caffesapori.com\/product\/yerba-mate-organica-akaguapy\/#primaryimage"},"thumbnailUrl":"https:\/\/caffesapori.com\/wp-content\/uploads\/2026\/02\/1111111111111111111111111111111111111111111111111111-09-scaled.jpg","datePublished":"2026-02-10T23:59:14+00:00","dateModified":"2026-03-15T20:47:13+00:00","description":"Yerba mate org\u00e1nica Akaguapy de Misiones: suave, sin acidez y con estacionamiento natural. Producci\u00f3n sostenible. Env\u00edos a toda Argentina.","breadcrumb":{"@id":"https:\/\/caffesapori.com\/product\/yerba-mate-organica-akaguapy\/#breadcrumb"},"inLanguage":"en-US","potentialAction":[{"@type":"ReadAction","target":["https:\/\/caffesapori.com\/product\/yerba-mate-organica-akaguapy\/"]}]},{"@type":"ImageObject","inLanguage":"en-US","@id":"https:\/\/caffesapori.com\/product\/yerba-mate-organica-akaguapy\/#primaryimage","url":"https:\/\/caffesapori.com\/wp-content\/uploads\/2026\/02\/1111111111111111111111111111111111111111111111111111-09-scaled.jpg","contentUrl":"https:\/\/caffesapori.com\/wp-content\/uploads\/2026\/02\/1111111111111111111111111111111111111111111111111111-09-scaled.jpg","width":2327,"height":2560},{"@type":"BreadcrumbList","@id":"https:\/\/caffesapori.com\/product\/yerba-mate-organica-akaguapy\/#breadcrumb","itemListElement":[{"@type":"ListItem","position":1,"name":"Inicio","item":"https:\/\/caffesapori.com\/"},{"@type":"ListItem","position":2,"name":"Tienda online","item":"https:\/\/caffesapori.com\/shop\/"},{"@type":"ListItem","position":3,"name":"Yerba Mate Org\u00e1nica Akaguapy"}]},{"@type":"WebSite","@id":"https:\/\/caffesapori.com\/#website","url":"https:\/\/caffesapori.com\/","name":"Caff\u00e8 &amp; Sapori","description":"Il gusto dell\u2019Italia","publisher":{"@id":"https:\/\/caffesapori.com\/#organization"},"potentialAction":[{"@type":"SearchAction","target":{"@type":"EntryPoint","urlTemplate":"https:\/\/caffesapori.com\/?s={search_term_string}"},"query-input":{"@type":"PropertyValueSpecification","valueRequired":true,"valueName":"search_term_string"}}],"inLanguage":"en-US"},{"@type":"Organization","@id":"https:\/\/caffesapori.com\/#organization","name":"Caff\u00e8 &amp; Sapori","url":"https:\/\/caffesapori.com\/","logo":{"@type":"ImageObject","inLanguage":"en-US","@id":"https:\/\/caffesapori.com\/#\/schema\/logo\/image\/","url":"","contentUrl":"","caption":"Caff\u00e8 &amp; Sapori"},"image":{"@id":"https:\/\/caffesapori.com\/#\/schema\/logo\/image\/"}}]}},"_links":{"self":[{"href":"https:\/\/caffesapori.com\/en\/wp-json\/wp\/v2\/product\/35331","targetHints":{"allow":["GET"]}}],"collection":[{"href":"https:\/\/caffesapori.com\/en\/wp-json\/wp\/v2\/product"}],"about":[{"href":"https:\/\/caffesapori.com\/en\/wp-json\/wp\/v2\/types\/product"}],"replies":[{"embeddable":true,"href":"https:\/\/caffesapori.com\/en\/wp-json\/wp\/v2\/comments?post=35331"}],"wp:featuredmedia":[{"embeddable":true,"href":"https:\/\/caffesapori.com\/en\/wp-json\/wp\/v2\/media\/35338"}],"wp:attachment":[{"href":"https:\/\/caffesapori.com\/en\/wp-json\/wp\/v2\/media?parent=35331"}],"wp:term":[{"taxonomy":"product_brand","embeddable":true,"href":"https:\/\/caffesapori.com\/en\/wp-json\/wp\/v2\/product_brand?post=35331"},{"taxonomy":"product_cat","embeddable":true,"href":"https:\/\/caffesapori.com\/en\/wp-json\/wp\/v2\/product_cat?post=35331"},{"taxonomy":"product_tag","embeddable":true,"href":"https:\/\/caffesapori.com\/en\/wp-json\/wp\/v2\/product_tag?post=35331"}],"curies":[{"name":"wp","href":"https:\/\/api.w.org\/{rel}","templated":true}]}}