{"id":35359,"date":"2026-02-13T12:41:36","date_gmt":"2026-02-13T15:41:36","guid":{"rendered":"https:\/\/caffesapori.com\/?post_type=product&#038;p=35359"},"modified":"2026-02-24T20:29:34","modified_gmt":"2026-02-24T23:29:34","slug":"bolsa-de-oro","status":"publish","type":"product","link":"https:\/\/caffesapori.com\/en\/product\/bolsa-de-oro\/","title":{"rendered":"Bolsa de Oro"},"content":{"rendered":"<div class=\"column\">\n<p data-start=\"184\" data-end=\"483\">Las bolsas reutilizables Caff\u00e8 &amp; Sapori est\u00e1n pensadas para acompa\u00f1arte en el d\u00eda a d\u00eda con estilo, practicidad y conciencia ecol\u00f3gica. Confeccionadas en tela resistente, son ideales para llevar tus compras, productos gourmet, botellas de aceite de oliva, caf\u00e9 en grano o incluso para uso cotidiano.<\/p>\n<p data-start=\"485\" data-end=\"740\">Disponibles en <strong data-start=\"500\" data-end=\"560\">cuatro colores a elecci\u00f3n (azul, rojo, amarillo y verde)<\/strong>, combinan funcionalidad con dise\u00f1o, incorporando el logo ilustrado de Caff\u00e8 &amp; Sapori que refleja el esp\u00edritu de la marca: productos con identidad, calidad y amor por lo aut\u00e9ntico.<\/p>\n<p data-start=\"742\" data-end=\"956\">Su formato permite transportar c\u00f3modamente productos pesados sin deformarse, siendo una alternativa sustentable a las bolsas pl\u00e1sticas. Perfectas para regalar, reutilizar o sumar a tu rutina de compras conscientes.<\/p>\n<p data-start=\"958\" data-end=\"978\"><strong data-start=\"958\" data-end=\"978\">Caracter\u00edsticas:<\/strong><\/p>\n<ul data-start=\"979\" data-end=\"1192\">\n<li data-start=\"979\" data-end=\"1021\">\n<p data-start=\"981\" data-end=\"1021\">Material: tela resistente reutilizable<\/p>\n<\/li>\n<li data-start=\"1022\" data-end=\"1075\">\n<p data-start=\"1024\" data-end=\"1075\">Colores disponibles: azul, rojo, amarillo y verde<\/p>\n<\/li>\n<li data-start=\"1076\" data-end=\"1120\">\n<p data-start=\"1078\" data-end=\"1120\">Ideal para compras, regalos o uso diario<\/p>\n<\/li>\n<li data-start=\"1121\" data-end=\"1156\">\n<p data-start=\"1123\" data-end=\"1156\">Dise\u00f1o exclusivo Caff\u00e8 &amp; Sapori<\/p>\n<\/li>\n<li data-start=\"1157\" data-end=\"1192\">\n<p data-start=\"1159\" data-end=\"1192\">Alternativa ecol\u00f3gica y durable<\/p>\n<\/li>\n<\/ul>\n<div class=\"row mb-4\">\n<div class=\"col-md-4\">\n<p>&nbsp;<\/p>\n<p class=\"h3\"><strong>Medios de pago<\/strong><\/p>\n<\/div>\n<div class=\"col-md-8\"><img decoding=\"async\" class=\"icon-logo lazyloaded\" src=\"https:\/\/d26lpennugtm8s.cloudfront.net\/assets\/common\/img\/logos\/payment\/new_logos_payment\/visa@2x.png\" alt=\"visa\" width=\"40\" height=\"25\" data-src=\"\/\/d26lpennugtm8s.cloudfront.net\/assets\/common\/img\/logos\/payment\/new_logos_payment\/visa@2x.png\" \/>\u00a0<img decoding=\"async\" class=\"icon-logo lazyloaded\" src=\"https:\/\/d26lpennugtm8s.cloudfront.net\/assets\/common\/img\/logos\/payment\/new_logos_payment\/mastercard@2x.png\" alt=\"mastercard\" width=\"40\" height=\"25\" data-src=\"\/\/d26lpennugtm8s.cloudfront.net\/assets\/common\/img\/logos\/payment\/new_logos_payment\/mastercard@2x.png\" \/>\u00a0<img decoding=\"async\" class=\"icon-logo lazyloaded\" src=\"https:\/\/d26lpennugtm8s.cloudfront.net\/assets\/common\/img\/logos\/payment\/new_logos_payment\/amex@2x.png\" alt=\"amex\" width=\"40\" height=\"25\" data-src=\"\/\/d26lpennugtm8s.cloudfront.net\/assets\/common\/img\/logos\/payment\/new_logos_payment\/amex@2x.png\" \/>\u00a0<img loading=\"lazy\" decoding=\"async\" class=\"icon-logo lazyloaded\" src=\"https:\/\/d26lpennugtm8s.cloudfront.net\/assets\/common\/img\/logos\/payment\/new_logos_payment\/diners@2x.png\" alt=\"diners\" width=\"40\" height=\"25\" data-src=\"\/\/d26lpennugtm8s.cloudfront.net\/assets\/common\/img\/logos\/payment\/new_logos_payment\/diners@2x.png\" \/>\u00a0<img loading=\"lazy\" decoding=\"async\" class=\"icon-logo lazyloaded\" src=\"https:\/\/d26lpennugtm8s.cloudfront.net\/assets\/common\/img\/logos\/payment\/new_logos_payment\/ar\/cabal@2x.png\" alt=\"ar_cabal\" width=\"40\" height=\"25\" data-src=\"\/\/d26lpennugtm8s.cloudfront.net\/assets\/common\/img\/logos\/payment\/new_logos_payment\/ar\/cabal@2x.png\" \/>\u00a0<img loading=\"lazy\" decoding=\"async\" class=\"icon-logo lazyloaded\" src=\"https:\/\/d26lpennugtm8s.cloudfront.net\/assets\/common\/img\/logos\/payment\/new_logos_payment\/ar\/tarjeta-naranja@2x.png\" alt=\"ar_tarjeta-naranja\" width=\"40\" height=\"25\" data-src=\"\/\/d26lpennugtm8s.cloudfront.net\/assets\/common\/img\/logos\/payment\/new_logos_payment\/ar\/tarjeta-naranja@2x.png\" \/>\u00a0<img loading=\"lazy\" decoding=\"async\" class=\"icon-logo lazyloaded\" src=\"https:\/\/d26lpennugtm8s.cloudfront.net\/assets\/common\/img\/logos\/payment\/new_logos_payment\/ar\/tarjeta-shopping@2x.png\" alt=\"ar_tarjeta-shopping\" width=\"40\" height=\"25\" data-src=\"\/\/d26lpennugtm8s.cloudfront.net\/assets\/common\/img\/logos\/payment\/new_logos_payment\/ar\/tarjeta-shopping@2x.png\" \/>\u00a0<img loading=\"lazy\" decoding=\"async\" class=\"icon-logo lazyloaded\" src=\"https:\/\/d26lpennugtm8s.cloudfront.net\/assets\/common\/img\/logos\/payment\/new_logos_payment\/custom@2x.png\" alt=\"custom\" width=\"40\" height=\"25\" data-src=\"\/\/d26lpennugtm8s.cloudfront.net\/assets\/common\/img\/logos\/payment\/new_logos_payment\/custom@2x.png\" \/>\u00a0<img loading=\"lazy\" decoding=\"async\" class=\"icon-logo lazyloaded\" src=\"https:\/\/d26lpennugtm8s.cloudfront.net\/assets\/common\/img\/logos\/payment\/new_logos_payment\/ar\/argencard@2x.png\" alt=\"ar_argencard\" width=\"40\" height=\"25\" data-src=\"\/\/d26lpennugtm8s.cloudfront.net\/assets\/common\/img\/logos\/payment\/new_logos_payment\/ar\/argencard@2x.png\" \/>\u00a0<img loading=\"lazy\" decoding=\"async\" class=\"icon-logo lazyloaded\" src=\"https:\/\/d26lpennugtm8s.cloudfront.net\/assets\/common\/img\/logos\/payment\/new_logos_payment\/ar\/cencosud@2x.png\" alt=\"ar_cencosud\" width=\"40\" height=\"25\" data-src=\"\/\/d26lpennugtm8s.cloudfront.net\/assets\/common\/img\/logos\/payment\/new_logos_payment\/ar\/cencosud@2x.png\" \/>\u00a0<img loading=\"lazy\" decoding=\"async\" class=\"icon-logo lazyloaded\" src=\"https:\/\/d26lpennugtm8s.cloudfront.net\/assets\/common\/img\/logos\/payment\/new_logos_payment\/ar\/cabaldebit@2x.png\" alt=\"ar_cabaldebit\" width=\"40\" height=\"25\" data-src=\"\/\/d26lpennugtm8s.cloudfront.net\/assets\/common\/img\/logos\/payment\/new_logos_payment\/ar\/cabaldebit@2x.png\" \/>\u00a0<img loading=\"lazy\" decoding=\"async\" class=\"icon-logo lazyloaded\" src=\"https:\/\/d26lpennugtm8s.cloudfront.net\/assets\/common\/img\/logos\/payment\/new_logos_payment\/maestro@2x.png\" alt=\"maestro\" width=\"40\" height=\"25\" data-src=\"\/\/d26lpennugtm8s.cloudfront.net\/assets\/common\/img\/logos\/payment\/new_logos_payment\/maestro@2x.png\" \/>\u00a0<img loading=\"lazy\" decoding=\"async\" class=\"icon-logo lazyloaded\" src=\"https:\/\/d26lpennugtm8s.cloudfront.net\/assets\/common\/img\/logos\/payment\/new_logos_payment\/visadebit@2x.png\" alt=\"visadebit\" width=\"40\" height=\"25\" data-src=\"\/\/d26lpennugtm8s.cloudfront.net\/assets\/common\/img\/logos\/payment\/new_logos_payment\/visadebit@2x.png\" \/><\/div>\n<\/div>\n<div class=\"row mb-4\">\n<div class=\"col-md-4\">\n<p>&nbsp;<\/p>\n<p class=\"h3\"><strong>Medios de env\u00edo<\/strong><\/p>\n<\/div>\n<div class=\"col-md-8\"><img loading=\"lazy\" decoding=\"async\" class=\"icon-logo lazyloaded\" src=\"https:\/\/d26lpennugtm8s.cloudfront.net\/assets\/common\/img\/logos\/shipping\/api\/2682@2x.png\" alt=\"api_2682\" width=\"40\" height=\"25\" data-src=\"\/\/d26lpennugtm8s.cloudfront.net\/assets\/common\/img\/logos\/shipping\/api\/2682@2x.png\" \/><\/div>\n<\/div>\n<\/div>","protected":false},"excerpt":{"rendered":"<p>Bolsa reutilizable de tela Caff\u00e8 &amp; Sapori, resistente y pr\u00e1ctica. Disponible en azul, rojo, amarillo o verde. Ideal para compras, regalos y uso diario.<\/p>","protected":false},"featured_media":35350,"comment_status":"open","ping_status":"closed","template":"","meta":{"_joinchat":{"message_text":"\ud83d\uded2 Quiero comprar este producto.","message_send":"\ud83d\udc4b \u00a1Hola! Quiero comprar {PRODUCT}.\n\u00bfMe ayud\u00e1s con el precio, stock y formas de pago?"}},"product_brand":[],"product_cat":[280],"product_tag":[],"class_list":{"0":"post-35359","1":"product","2":"type-product","3":"status-publish","4":"has-post-thumbnail","6":"product_cat-regalos","8":"first","9":"outofstock","10":"shipping-taxable","11":"purchasable","12":"product-type-variable","13":"has-default-attributes"},"yoast_head":"<!-- This site is optimized with the Yoast SEO plugin v27.3 - https:\/\/yoast.com\/product\/yoast-seo-wordpress\/ -->\n<title>Bolsa de Oro - Caff\u00e8 &amp; Sapori<\/title>\n<meta name=\"description\" content=\"Bolsa de tela reutilizable Caff\u00e8 &amp; Sapori en azul, rojo, amarillo o verde. Pr\u00e1ctica, resistente y ecol\u00f3gica. Ideal para compras y productos gourmet.\" \/>\n<meta name=\"robots\" content=\"index, follow, max-snippet:-1, max-image-preview:large, max-video-preview:-1\" \/>\n<link rel=\"canonical\" href=\"https:\/\/caffesapori.com\/en\/product\/bolsa-de-oro\/\" \/>\n<meta property=\"og:locale\" content=\"en_US\" \/>\n<meta property=\"og:type\" content=\"article\" \/>\n<meta property=\"og:title\" content=\"Bolsa de Oro - Caff\u00e8 &amp; Sapori\" \/>\n<meta property=\"og:description\" content=\"Bolsa de tela reutilizable Caff\u00e8 &amp; Sapori en azul, rojo, amarillo o verde. Pr\u00e1ctica, resistente y ecol\u00f3gica. Ideal para compras y productos gourmet.\" \/>\n<meta property=\"og:url\" content=\"https:\/\/caffesapori.com\/en\/product\/bolsa-de-oro\/\" \/>\n<meta property=\"og:site_name\" content=\"Caff\u00e8 &amp; Sapori\" \/>\n<meta property=\"article:modified_time\" content=\"2026-02-24T23:29:34+00:00\" \/>\n<meta property=\"og:image\" content=\"http:\/\/caffesapori.com\/wp-content\/uploads\/2026\/02\/3-scaled.jpg\" \/>\n\t<meta property=\"og:image:width\" content=\"2327\" \/>\n\t<meta property=\"og:image:height\" content=\"2560\" \/>\n\t<meta property=\"og:image:type\" content=\"image\/jpeg\" \/>\n<meta name=\"twitter:card\" content=\"summary_large_image\" \/>\n<meta name=\"twitter:label1\" content=\"Est. reading time\" \/>\n\t<meta name=\"twitter:data1\" content=\"4 minutes\" \/>\n<script type=\"application\/ld+json\" class=\"yoast-schema-graph\">{\"@context\":\"https:\\\/\\\/schema.org\",\"@graph\":[{\"@type\":\"WebPage\",\"@id\":\"https:\\\/\\\/caffesapori.com\\\/product\\\/bolsa-de-oro\\\/\",\"url\":\"https:\\\/\\\/caffesapori.com\\\/product\\\/bolsa-de-oro\\\/\",\"name\":\"Bolsa de Oro - Caff\u00e8 &amp; Sapori\",\"isPartOf\":{\"@id\":\"https:\\\/\\\/caffesapori.com\\\/#website\"},\"primaryImageOfPage\":{\"@id\":\"https:\\\/\\\/caffesapori.com\\\/product\\\/bolsa-de-oro\\\/#primaryimage\"},\"image\":{\"@id\":\"https:\\\/\\\/caffesapori.com\\\/product\\\/bolsa-de-oro\\\/#primaryimage\"},\"thumbnailUrl\":\"https:\\\/\\\/caffesapori.com\\\/wp-content\\\/uploads\\\/2026\\\/02\\\/3-scaled.jpg\",\"datePublished\":\"2026-02-13T15:41:36+00:00\",\"dateModified\":\"2026-02-24T23:29:34+00:00\",\"description\":\"Bolsa de tela reutilizable Caff\u00e8 & Sapori en azul, rojo, amarillo o verde. Pr\u00e1ctica, resistente y ecol\u00f3gica. Ideal para compras y productos gourmet.\",\"breadcrumb\":{\"@id\":\"https:\\\/\\\/caffesapori.com\\\/product\\\/bolsa-de-oro\\\/#breadcrumb\"},\"inLanguage\":\"en-US\",\"potentialAction\":[{\"@type\":\"ReadAction\",\"target\":[\"https:\\\/\\\/caffesapori.com\\\/product\\\/bolsa-de-oro\\\/\"]}]},{\"@type\":\"ImageObject\",\"inLanguage\":\"en-US\",\"@id\":\"https:\\\/\\\/caffesapori.com\\\/product\\\/bolsa-de-oro\\\/#primaryimage\",\"url\":\"https:\\\/\\\/caffesapori.com\\\/wp-content\\\/uploads\\\/2026\\\/02\\\/3-scaled.jpg\",\"contentUrl\":\"https:\\\/\\\/caffesapori.com\\\/wp-content\\\/uploads\\\/2026\\\/02\\\/3-scaled.jpg\",\"width\":2327,\"height\":2560},{\"@type\":\"BreadcrumbList\",\"@id\":\"https:\\\/\\\/caffesapori.com\\\/product\\\/bolsa-de-oro\\\/#breadcrumb\",\"itemListElement\":[{\"@type\":\"ListItem\",\"position\":1,\"name\":\"Inicio\",\"item\":\"https:\\\/\\\/caffesapori.com\\\/\"},{\"@type\":\"ListItem\",\"position\":2,\"name\":\"Tienda online\",\"item\":\"https:\\\/\\\/caffesapori.com\\\/shop\\\/\"},{\"@type\":\"ListItem\",\"position\":3,\"name\":\"Bolsa de Oro\"}]},{\"@type\":\"WebSite\",\"@id\":\"https:\\\/\\\/caffesapori.com\\\/#website\",\"url\":\"https:\\\/\\\/caffesapori.com\\\/\",\"name\":\"Caff\u00e8 &amp; Sapori\",\"description\":\"Il gusto dell\u2019Italia\",\"publisher\":{\"@id\":\"https:\\\/\\\/caffesapori.com\\\/#organization\"},\"potentialAction\":[{\"@type\":\"SearchAction\",\"target\":{\"@type\":\"EntryPoint\",\"urlTemplate\":\"https:\\\/\\\/caffesapori.com\\\/?s={search_term_string}\"},\"query-input\":{\"@type\":\"PropertyValueSpecification\",\"valueRequired\":true,\"valueName\":\"search_term_string\"}}],\"inLanguage\":\"en-US\"},{\"@type\":\"Organization\",\"@id\":\"https:\\\/\\\/caffesapori.com\\\/#organization\",\"name\":\"Caff\u00e8 &amp; Sapori\",\"url\":\"https:\\\/\\\/caffesapori.com\\\/\",\"logo\":{\"@type\":\"ImageObject\",\"inLanguage\":\"en-US\",\"@id\":\"https:\\\/\\\/caffesapori.com\\\/#\\\/schema\\\/logo\\\/image\\\/\",\"url\":\"\",\"contentUrl\":\"\",\"caption\":\"Caff\u00e8 &amp; Sapori\"},\"image\":{\"@id\":\"https:\\\/\\\/caffesapori.com\\\/#\\\/schema\\\/logo\\\/image\\\/\"}}]}<\/script>\n<!-- \/ Yoast SEO plugin. -->","yoast_head_json":{"title":"Bolsa de Oro - Caff\u00e8 &amp; Sapori","description":"Bolsa de tela reutilizable Caff\u00e8 & Sapori en azul, rojo, amarillo o verde. Pr\u00e1ctica, resistente y ecol\u00f3gica. Ideal para compras y productos gourmet.","robots":{"index":"index","follow":"follow","max-snippet":"max-snippet:-1","max-image-preview":"max-image-preview:large","max-video-preview":"max-video-preview:-1"},"canonical":"https:\/\/caffesapori.com\/en\/product\/bolsa-de-oro\/","og_locale":"en_US","og_type":"article","og_title":"Bolsa de Oro - Caff\u00e8 &amp; Sapori","og_description":"Bolsa de tela reutilizable Caff\u00e8 & Sapori en azul, rojo, amarillo o verde. Pr\u00e1ctica, resistente y ecol\u00f3gica. Ideal para compras y productos gourmet.","og_url":"https:\/\/caffesapori.com\/en\/product\/bolsa-de-oro\/","og_site_name":"Caff\u00e8 &amp; Sapori","article_modified_time":"2026-02-24T23:29:34+00:00","og_image":[{"width":2327,"height":2560,"url":"http:\/\/caffesapori.com\/wp-content\/uploads\/2026\/02\/3-scaled.jpg","type":"image\/jpeg"}],"twitter_card":"summary_large_image","twitter_misc":{"Est. reading time":"4 minutes"},"schema":{"@context":"https:\/\/schema.org","@graph":[{"@type":"WebPage","@id":"https:\/\/caffesapori.com\/product\/bolsa-de-oro\/","url":"https:\/\/caffesapori.com\/product\/bolsa-de-oro\/","name":"Bolsa de Oro - Caff\u00e8 &amp; Sapori","isPartOf":{"@id":"https:\/\/caffesapori.com\/#website"},"primaryImageOfPage":{"@id":"https:\/\/caffesapori.com\/product\/bolsa-de-oro\/#primaryimage"},"image":{"@id":"https:\/\/caffesapori.com\/product\/bolsa-de-oro\/#primaryimage"},"thumbnailUrl":"https:\/\/caffesapori.com\/wp-content\/uploads\/2026\/02\/3-scaled.jpg","datePublished":"2026-02-13T15:41:36+00:00","dateModified":"2026-02-24T23:29:34+00:00","description":"Bolsa de tela reutilizable Caff\u00e8 & Sapori en azul, rojo, amarillo o verde. Pr\u00e1ctica, resistente y ecol\u00f3gica. Ideal para compras y productos gourmet.","breadcrumb":{"@id":"https:\/\/caffesapori.com\/product\/bolsa-de-oro\/#breadcrumb"},"inLanguage":"en-US","potentialAction":[{"@type":"ReadAction","target":["https:\/\/caffesapori.com\/product\/bolsa-de-oro\/"]}]},{"@type":"ImageObject","inLanguage":"en-US","@id":"https:\/\/caffesapori.com\/product\/bolsa-de-oro\/#primaryimage","url":"https:\/\/caffesapori.com\/wp-content\/uploads\/2026\/02\/3-scaled.jpg","contentUrl":"https:\/\/caffesapori.com\/wp-content\/uploads\/2026\/02\/3-scaled.jpg","width":2327,"height":2560},{"@type":"BreadcrumbList","@id":"https:\/\/caffesapori.com\/product\/bolsa-de-oro\/#breadcrumb","itemListElement":[{"@type":"ListItem","position":1,"name":"Inicio","item":"https:\/\/caffesapori.com\/"},{"@type":"ListItem","position":2,"name":"Tienda online","item":"https:\/\/caffesapori.com\/shop\/"},{"@type":"ListItem","position":3,"name":"Bolsa de Oro"}]},{"@type":"WebSite","@id":"https:\/\/caffesapori.com\/#website","url":"https:\/\/caffesapori.com\/","name":"Caff\u00e8 &amp; Sapori","description":"Il gusto dell\u2019Italia","publisher":{"@id":"https:\/\/caffesapori.com\/#organization"},"potentialAction":[{"@type":"SearchAction","target":{"@type":"EntryPoint","urlTemplate":"https:\/\/caffesapori.com\/?s={search_term_string}"},"query-input":{"@type":"PropertyValueSpecification","valueRequired":true,"valueName":"search_term_string"}}],"inLanguage":"en-US"},{"@type":"Organization","@id":"https:\/\/caffesapori.com\/#organization","name":"Caff\u00e8 &amp; Sapori","url":"https:\/\/caffesapori.com\/","logo":{"@type":"ImageObject","inLanguage":"en-US","@id":"https:\/\/caffesapori.com\/#\/schema\/logo\/image\/","url":"","contentUrl":"","caption":"Caff\u00e8 &amp; Sapori"},"image":{"@id":"https:\/\/caffesapori.com\/#\/schema\/logo\/image\/"}}]}},"_links":{"self":[{"href":"https:\/\/caffesapori.com\/en\/wp-json\/wp\/v2\/product\/35359","targetHints":{"allow":["GET"]}}],"collection":[{"href":"https:\/\/caffesapori.com\/en\/wp-json\/wp\/v2\/product"}],"about":[{"href":"https:\/\/caffesapori.com\/en\/wp-json\/wp\/v2\/types\/product"}],"replies":[{"embeddable":true,"href":"https:\/\/caffesapori.com\/en\/wp-json\/wp\/v2\/comments?post=35359"}],"wp:featuredmedia":[{"embeddable":true,"href":"https:\/\/caffesapori.com\/en\/wp-json\/wp\/v2\/media\/35350"}],"wp:attachment":[{"href":"https:\/\/caffesapori.com\/en\/wp-json\/wp\/v2\/media?parent=35359"}],"wp:term":[{"taxonomy":"product_brand","embeddable":true,"href":"https:\/\/caffesapori.com\/en\/wp-json\/wp\/v2\/product_brand?post=35359"},{"taxonomy":"product_cat","embeddable":true,"href":"https:\/\/caffesapori.com\/en\/wp-json\/wp\/v2\/product_cat?post=35359"},{"taxonomy":"product_tag","embeddable":true,"href":"https:\/\/caffesapori.com\/en\/wp-json\/wp\/v2\/product_tag?post=35359"}],"curies":[{"name":"wp","href":"https:\/\/api.w.org\/{rel}","templated":true}]}}