{"id":35989,"date":"2026-04-01T15:02:55","date_gmt":"2026-04-01T18:02:55","guid":{"rendered":"https:\/\/caffesapori.com\/?post_type=product&#038;p=35989"},"modified":"2026-04-01T15:02:55","modified_gmt":"2026-04-01T18:02:55","slug":"cafe-colombia-valle-de-cauca","status":"publish","type":"product","link":"https:\/\/caffesapori.com\/en\/product\/cafe-colombia-valle-de-cauca\/","title":{"rendered":"Caf\u00e9 Colombia Valle de Cauca"},"content":{"rendered":"<p data-start=\"43\" data-end=\"254\">Descubr\u00ed nuestro <strong>Caf\u00e9 de Especialidad Colombia Valle del Cauca<\/strong>, una variedad suave y balanceada, ideal para quienes buscan una taza equilibrada, arom\u00e1tica y con gran complejidad de sabor.<\/p>\n<p data-start=\"256\" data-end=\"490\">Este caf\u00e9 fue elaborado con <strong data-start=\"284\" data-end=\"302\">proceso lavado<\/strong>, lo que permite resaltar una taza limpia, brillante y bien definida. En boca se destacan sus <strong data-start=\"396\" data-end=\"438\">notas de caramelo, frutales y avellana<\/strong>, logrando un perfil delicado pero con personalidad.<\/p>\n<p data-start=\"492\" data-end=\"692\">Su <strong data-start=\"495\" data-end=\"515\">intensidad media<\/strong> lo convierte en una excelente opci\u00f3n tanto para el consumo diario como para quienes quieren iniciarse en el mundo del caf\u00e9 de especialidad sin ir a perfiles demasiado intensos.<\/p>\n<p data-start=\"694\" data-end=\"856\">Se recomienda especialmente para m\u00e9todos como <strong data-start=\"740\" data-end=\"767\">Espresso, Moka y Chemex<\/strong>, donde puede expresar su equilibrio, dulzura y sutileza arom\u00e1tica de manera excepcional.<\/p>\n<p data-start=\"858\" data-end=\"986\">Presentaci\u00f3n de <strong data-start=\"874\" data-end=\"888\">250 gramos<\/strong>, disponible para disfrutar en casa y transformar cada momento en una experiencia sensorial \u00fanica.<\/p>","protected":false},"excerpt":{"rendered":"<p data-start=\"993\" data-end=\"1223\">Caf\u00e9 de especialidad de Colombia Valle del Cauca, suave y balanceado, con notas de caramelo, frutales y avellana. Proceso lavado, intensidad media. Ideal para Espresso, Moka y Chemex. Presentaci\u00f3n de 250 g.<\/p>","protected":false},"featured_media":35990,"comment_status":"open","ping_status":"closed","template":"","meta":{"_joinchat":[]},"product_brand":[],"product_cat":[261,264,263],"product_tag":[],"class_list":{"0":"post-35989","1":"product","2":"type-product","3":"status-publish","4":"has-post-thumbnail","6":"product_cat-cafe","7":"product_cat-cafe-en-grano","8":"product_cat-cafe-molido-cafe","10":"first","11":"instock","12":"shipping-taxable","13":"purchasable","14":"product-type-simple"},"yoast_head":"<!-- This site is optimized with the Yoast SEO plugin v27.3 - https:\/\/yoast.com\/product\/yoast-seo-wordpress\/ -->\n<title>Caf\u00e9 Colombia Valle de Cauca - Caff\u00e8 &amp; Sapori<\/title>\n<meta name=\"description\" content=\"Caf\u00e9 de especialidad Colombia Valle del Cauca 250 g, suave y balanceado. Notas de caramelo, frutales y avellana. Ideal para espresso, moka y chemex.\" \/>\n<meta name=\"robots\" content=\"index, follow, max-snippet:-1, max-image-preview:large, max-video-preview:-1\" \/>\n<link rel=\"canonical\" href=\"https:\/\/caffesapori.com\/en\/product\/cafe-colombia-valle-de-cauca\/\" \/>\n<meta property=\"og:locale\" content=\"en_US\" \/>\n<meta property=\"og:type\" content=\"article\" \/>\n<meta property=\"og:title\" content=\"Caf\u00e9 Colombia Valle de Cauca - Caff\u00e8 &amp; Sapori\" \/>\n<meta property=\"og:description\" content=\"Caf\u00e9 de especialidad Colombia Valle del Cauca 250 g, suave y balanceado. Notas de caramelo, frutales y avellana. Ideal para espresso, moka y chemex.\" \/>\n<meta property=\"og:url\" content=\"https:\/\/caffesapori.com\/en\/product\/cafe-colombia-valle-de-cauca\/\" \/>\n<meta property=\"og:site_name\" content=\"Caff\u00e8 &amp; Sapori\" \/>\n<meta property=\"og:image\" content=\"http:\/\/caffesapori.com\/wp-content\/uploads\/2026\/04\/Firefly_Mantener-exactamente-la-misma-imagen-base.-No-cambiar-la-bolsa-no-cambiar-el-cafe-en-938606.png\" \/>\n\t<meta property=\"og:image:width\" content=\"880\" \/>\n\t<meta property=\"og:image:height\" content=\"1184\" \/>\n\t<meta property=\"og:image:type\" content=\"image\/png\" \/>\n<meta name=\"twitter:card\" content=\"summary_large_image\" \/>\n<meta name=\"twitter:label1\" content=\"Est. reading time\" \/>\n\t<meta name=\"twitter:data1\" content=\"1 minute\" \/>\n<script type=\"application\/ld+json\" class=\"yoast-schema-graph\">{\"@context\":\"https:\\\/\\\/schema.org\",\"@graph\":[{\"@type\":\"WebPage\",\"@id\":\"https:\\\/\\\/caffesapori.com\\\/product\\\/cafe-colombia-valle-de-cauca\\\/\",\"url\":\"https:\\\/\\\/caffesapori.com\\\/product\\\/cafe-colombia-valle-de-cauca\\\/\",\"name\":\"Caf\u00e9 Colombia Valle de Cauca - Caff\u00e8 &amp; Sapori\",\"isPartOf\":{\"@id\":\"https:\\\/\\\/caffesapori.com\\\/#website\"},\"primaryImageOfPage\":{\"@id\":\"https:\\\/\\\/caffesapori.com\\\/product\\\/cafe-colombia-valle-de-cauca\\\/#primaryimage\"},\"image\":{\"@id\":\"https:\\\/\\\/caffesapori.com\\\/product\\\/cafe-colombia-valle-de-cauca\\\/#primaryimage\"},\"thumbnailUrl\":\"https:\\\/\\\/caffesapori.com\\\/wp-content\\\/uploads\\\/2026\\\/04\\\/Firefly_Mantener-exactamente-la-misma-imagen-base.-No-cambiar-la-bolsa-no-cambiar-el-cafe-en-938606.png\",\"datePublished\":\"2026-04-01T18:02:55+00:00\",\"description\":\"Caf\u00e9 de especialidad Colombia Valle del Cauca 250 g, suave y balanceado. Notas de caramelo, frutales y avellana. Ideal para espresso, moka y chemex.\",\"breadcrumb\":{\"@id\":\"https:\\\/\\\/caffesapori.com\\\/product\\\/cafe-colombia-valle-de-cauca\\\/#breadcrumb\"},\"inLanguage\":\"en-US\",\"potentialAction\":[{\"@type\":\"ReadAction\",\"target\":[\"https:\\\/\\\/caffesapori.com\\\/product\\\/cafe-colombia-valle-de-cauca\\\/\"]}]},{\"@type\":\"ImageObject\",\"inLanguage\":\"en-US\",\"@id\":\"https:\\\/\\\/caffesapori.com\\\/product\\\/cafe-colombia-valle-de-cauca\\\/#primaryimage\",\"url\":\"https:\\\/\\\/caffesapori.com\\\/wp-content\\\/uploads\\\/2026\\\/04\\\/Firefly_Mantener-exactamente-la-misma-imagen-base.-No-cambiar-la-bolsa-no-cambiar-el-cafe-en-938606.png\",\"contentUrl\":\"https:\\\/\\\/caffesapori.com\\\/wp-content\\\/uploads\\\/2026\\\/04\\\/Firefly_Mantener-exactamente-la-misma-imagen-base.-No-cambiar-la-bolsa-no-cambiar-el-cafe-en-938606.png\",\"width\":880,\"height\":1184},{\"@type\":\"BreadcrumbList\",\"@id\":\"https:\\\/\\\/caffesapori.com\\\/product\\\/cafe-colombia-valle-de-cauca\\\/#breadcrumb\",\"itemListElement\":[{\"@type\":\"ListItem\",\"position\":1,\"name\":\"Inicio\",\"item\":\"https:\\\/\\\/caffesapori.com\\\/\"},{\"@type\":\"ListItem\",\"position\":2,\"name\":\"Tienda online\",\"item\":\"https:\\\/\\\/caffesapori.com\\\/shop\\\/\"},{\"@type\":\"ListItem\",\"position\":3,\"name\":\"Caf\u00e9 Colombia Valle de Cauca\"}]},{\"@type\":\"WebSite\",\"@id\":\"https:\\\/\\\/caffesapori.com\\\/#website\",\"url\":\"https:\\\/\\\/caffesapori.com\\\/\",\"name\":\"Caff\u00e8 &amp; Sapori\",\"description\":\"Il gusto dell\u2019Italia\",\"publisher\":{\"@id\":\"https:\\\/\\\/caffesapori.com\\\/#organization\"},\"potentialAction\":[{\"@type\":\"SearchAction\",\"target\":{\"@type\":\"EntryPoint\",\"urlTemplate\":\"https:\\\/\\\/caffesapori.com\\\/?s={search_term_string}\"},\"query-input\":{\"@type\":\"PropertyValueSpecification\",\"valueRequired\":true,\"valueName\":\"search_term_string\"}}],\"inLanguage\":\"en-US\"},{\"@type\":\"Organization\",\"@id\":\"https:\\\/\\\/caffesapori.com\\\/#organization\",\"name\":\"Caff\u00e8 &amp; Sapori\",\"url\":\"https:\\\/\\\/caffesapori.com\\\/\",\"logo\":{\"@type\":\"ImageObject\",\"inLanguage\":\"en-US\",\"@id\":\"https:\\\/\\\/caffesapori.com\\\/#\\\/schema\\\/logo\\\/image\\\/\",\"url\":\"\",\"contentUrl\":\"\",\"caption\":\"Caff\u00e8 &amp; Sapori\"},\"image\":{\"@id\":\"https:\\\/\\\/caffesapori.com\\\/#\\\/schema\\\/logo\\\/image\\\/\"}}]}<\/script>\n<!-- \/ Yoast SEO plugin. -->","yoast_head_json":{"title":"Caf\u00e9 Colombia Valle de Cauca - Caff\u00e8 &amp; Sapori","description":"Caf\u00e9 de especialidad Colombia Valle del Cauca 250 g, suave y balanceado. Notas de caramelo, frutales y avellana. Ideal para espresso, moka y chemex.","robots":{"index":"index","follow":"follow","max-snippet":"max-snippet:-1","max-image-preview":"max-image-preview:large","max-video-preview":"max-video-preview:-1"},"canonical":"https:\/\/caffesapori.com\/en\/product\/cafe-colombia-valle-de-cauca\/","og_locale":"en_US","og_type":"article","og_title":"Caf\u00e9 Colombia Valle de Cauca - Caff\u00e8 &amp; Sapori","og_description":"Caf\u00e9 de especialidad Colombia Valle del Cauca 250 g, suave y balanceado. Notas de caramelo, frutales y avellana. Ideal para espresso, moka y chemex.","og_url":"https:\/\/caffesapori.com\/en\/product\/cafe-colombia-valle-de-cauca\/","og_site_name":"Caff\u00e8 &amp; Sapori","og_image":[{"width":880,"height":1184,"url":"http:\/\/caffesapori.com\/wp-content\/uploads\/2026\/04\/Firefly_Mantener-exactamente-la-misma-imagen-base.-No-cambiar-la-bolsa-no-cambiar-el-cafe-en-938606.png","type":"image\/png"}],"twitter_card":"summary_large_image","twitter_misc":{"Est. reading time":"1 minute"},"schema":{"@context":"https:\/\/schema.org","@graph":[{"@type":"WebPage","@id":"https:\/\/caffesapori.com\/product\/cafe-colombia-valle-de-cauca\/","url":"https:\/\/caffesapori.com\/product\/cafe-colombia-valle-de-cauca\/","name":"Caf\u00e9 Colombia Valle de Cauca - Caff\u00e8 &amp; Sapori","isPartOf":{"@id":"https:\/\/caffesapori.com\/#website"},"primaryImageOfPage":{"@id":"https:\/\/caffesapori.com\/product\/cafe-colombia-valle-de-cauca\/#primaryimage"},"image":{"@id":"https:\/\/caffesapori.com\/product\/cafe-colombia-valle-de-cauca\/#primaryimage"},"thumbnailUrl":"https:\/\/caffesapori.com\/wp-content\/uploads\/2026\/04\/Firefly_Mantener-exactamente-la-misma-imagen-base.-No-cambiar-la-bolsa-no-cambiar-el-cafe-en-938606.png","datePublished":"2026-04-01T18:02:55+00:00","description":"Caf\u00e9 de especialidad Colombia Valle del Cauca 250 g, suave y balanceado. Notas de caramelo, frutales y avellana. Ideal para espresso, moka y chemex.","breadcrumb":{"@id":"https:\/\/caffesapori.com\/product\/cafe-colombia-valle-de-cauca\/#breadcrumb"},"inLanguage":"en-US","potentialAction":[{"@type":"ReadAction","target":["https:\/\/caffesapori.com\/product\/cafe-colombia-valle-de-cauca\/"]}]},{"@type":"ImageObject","inLanguage":"en-US","@id":"https:\/\/caffesapori.com\/product\/cafe-colombia-valle-de-cauca\/#primaryimage","url":"https:\/\/caffesapori.com\/wp-content\/uploads\/2026\/04\/Firefly_Mantener-exactamente-la-misma-imagen-base.-No-cambiar-la-bolsa-no-cambiar-el-cafe-en-938606.png","contentUrl":"https:\/\/caffesapori.com\/wp-content\/uploads\/2026\/04\/Firefly_Mantener-exactamente-la-misma-imagen-base.-No-cambiar-la-bolsa-no-cambiar-el-cafe-en-938606.png","width":880,"height":1184},{"@type":"BreadcrumbList","@id":"https:\/\/caffesapori.com\/product\/cafe-colombia-valle-de-cauca\/#breadcrumb","itemListElement":[{"@type":"ListItem","position":1,"name":"Inicio","item":"https:\/\/caffesapori.com\/"},{"@type":"ListItem","position":2,"name":"Tienda online","item":"https:\/\/caffesapori.com\/shop\/"},{"@type":"ListItem","position":3,"name":"Caf\u00e9 Colombia Valle de Cauca"}]},{"@type":"WebSite","@id":"https:\/\/caffesapori.com\/#website","url":"https:\/\/caffesapori.com\/","name":"Caff\u00e8 &amp; Sapori","description":"Il gusto dell\u2019Italia","publisher":{"@id":"https:\/\/caffesapori.com\/#organization"},"potentialAction":[{"@type":"SearchAction","target":{"@type":"EntryPoint","urlTemplate":"https:\/\/caffesapori.com\/?s={search_term_string}"},"query-input":{"@type":"PropertyValueSpecification","valueRequired":true,"valueName":"search_term_string"}}],"inLanguage":"en-US"},{"@type":"Organization","@id":"https:\/\/caffesapori.com\/#organization","name":"Caff\u00e8 &amp; Sapori","url":"https:\/\/caffesapori.com\/","logo":{"@type":"ImageObject","inLanguage":"en-US","@id":"https:\/\/caffesapori.com\/#\/schema\/logo\/image\/","url":"","contentUrl":"","caption":"Caff\u00e8 &amp; Sapori"},"image":{"@id":"https:\/\/caffesapori.com\/#\/schema\/logo\/image\/"}}]}},"_links":{"self":[{"href":"https:\/\/caffesapori.com\/en\/wp-json\/wp\/v2\/product\/35989","targetHints":{"allow":["GET"]}}],"collection":[{"href":"https:\/\/caffesapori.com\/en\/wp-json\/wp\/v2\/product"}],"about":[{"href":"https:\/\/caffesapori.com\/en\/wp-json\/wp\/v2\/types\/product"}],"replies":[{"embeddable":true,"href":"https:\/\/caffesapori.com\/en\/wp-json\/wp\/v2\/comments?post=35989"}],"wp:featuredmedia":[{"embeddable":true,"href":"https:\/\/caffesapori.com\/en\/wp-json\/wp\/v2\/media\/35990"}],"wp:attachment":[{"href":"https:\/\/caffesapori.com\/en\/wp-json\/wp\/v2\/media?parent=35989"}],"wp:term":[{"taxonomy":"product_brand","embeddable":true,"href":"https:\/\/caffesapori.com\/en\/wp-json\/wp\/v2\/product_brand?post=35989"},{"taxonomy":"product_cat","embeddable":true,"href":"https:\/\/caffesapori.com\/en\/wp-json\/wp\/v2\/product_cat?post=35989"},{"taxonomy":"product_tag","embeddable":true,"href":"https:\/\/caffesapori.com\/en\/wp-json\/wp\/v2\/product_tag?post=35989"}],"curies":[{"name":"wp","href":"https:\/\/api.w.org\/{rel}","templated":true}]}}