{"id":35992,"date":"2026-04-01T15:08:19","date_gmt":"2026-04-01T18:08:19","guid":{"rendered":"https:\/\/caffesapori.com\/?post_type=product&#038;p=35992"},"modified":"2026-04-01T15:10:44","modified_gmt":"2026-04-01T18:10:44","slug":"cafe-honduras-la-tranquila","status":"publish","type":"product","link":"https:\/\/caffesapori.com\/en\/product\/cafe-honduras-la-tranquila\/","title":{"rendered":"Caf\u00e9 Honduras La Tranquila"},"content":{"rendered":"<p data-start=\"0\" data-end=\"200\">Descubr\u00ed <strong data-start=\"33\" data-end=\"63\">Caf\u00e9 Honduras La Tranquila<\/strong>, un caf\u00e9 de especialidad con un perfil <strong data-start=\"103\" data-end=\"138\">dulce, envolvente y equilibrado<\/strong>, ideal para quienes disfrutan tazas suaves pero con car\u00e1cter.<\/p>\n<p data-start=\"202\" data-end=\"490\">Elaborado con <strong data-start=\"216\" data-end=\"234\">proceso lavado<\/strong>, este caf\u00e9 ofrece una taza limpia y bien definida, donde se destacan sus notas de <strong data-start=\"317\" data-end=\"353\">miel, frutos secos y cacao suave<\/strong>. El resultado es una experiencia armoniosa, con dulzura natural, cuerpo agradable y un final delicado que invita a seguir disfrut\u00e1ndolo.<\/p>\n<p data-start=\"492\" data-end=\"674\">Su perfil sensorial lo convierte en una excelente opci\u00f3n tanto para el d\u00eda a d\u00eda como para quienes buscan un caf\u00e9 vers\u00e1til, f\u00e1cil de disfrutar y con matices c\u00e1lidos y reconfortantes.<\/p>\n<p data-start=\"676\" data-end=\"838\">Se recomienda especialmente para m\u00e9todos como <strong data-start=\"722\" data-end=\"746\">Espresso, V60 y Moka<\/strong>, donde logra expresar muy bien su equilibrio, su dulzura y sus notas m\u00e1s suaves y redondas.<\/p>\n<p data-start=\"840\" data-end=\"963\">Un caf\u00e9 ideal para quienes valoran sabores nobles, c\u00e1lidos y bien balanceados dentro del universo del caf\u00e9 de especialidad.<\/p>","protected":false},"excerpt":{"rendered":"<p data-start=\"970\" data-end=\"1154\">Caf\u00e9 de especialidad Honduras La Tranquila, dulce y equilibrado, con notas de miel, frutos secos y cacao suave. Proceso lavado. Ideal para Espresso, V60 y Moka.<\/p>","protected":false},"featured_media":35990,"comment_status":"open","ping_status":"closed","template":"","meta":{"_joinchat":[]},"product_brand":[],"product_cat":[261,264,263],"product_tag":[],"class_list":{"0":"post-35992","1":"product","2":"type-product","3":"status-publish","4":"has-post-thumbnail","6":"product_cat-cafe","7":"product_cat-cafe-en-grano","8":"product_cat-cafe-molido-cafe","10":"first","11":"outofstock","12":"shipping-taxable","13":"product-type-simple"},"yoast_head":"<!-- This site is optimized with the Yoast SEO plugin v27.3 - https:\/\/yoast.com\/product\/yoast-seo-wordpress\/ -->\n<title>Caf\u00e9 Honduras La Tranquila - Caff\u00e8 &amp; Sapori<\/title>\n<meta name=\"description\" content=\"Caf\u00e9 de especialidad Honduras La Tranquila, con notas de miel, frutos secos y cacao suave. Perfil dulce y equilibrado. Ideal para espresso, V60 y moka.\" \/>\n<meta name=\"robots\" content=\"index, follow, max-snippet:-1, max-image-preview:large, max-video-preview:-1\" \/>\n<link rel=\"canonical\" href=\"https:\/\/caffesapori.com\/en\/product\/cafe-honduras-la-tranquila\/\" \/>\n<meta property=\"og:locale\" content=\"en_US\" \/>\n<meta property=\"og:type\" content=\"article\" \/>\n<meta property=\"og:title\" content=\"Caf\u00e9 Honduras La Tranquila - Caff\u00e8 &amp; Sapori\" \/>\n<meta property=\"og:description\" content=\"Caf\u00e9 de especialidad Honduras La Tranquila, con notas de miel, frutos secos y cacao suave. Perfil dulce y equilibrado. Ideal para espresso, V60 y moka.\" \/>\n<meta property=\"og:url\" content=\"https:\/\/caffesapori.com\/en\/product\/cafe-honduras-la-tranquila\/\" \/>\n<meta property=\"og:site_name\" content=\"Caff\u00e8 &amp; Sapori\" \/>\n<meta property=\"article:modified_time\" content=\"2026-04-01T18:10:44+00:00\" \/>\n<meta property=\"og:image\" content=\"http:\/\/caffesapori.com\/wp-content\/uploads\/2026\/04\/Firefly_Mantener-exactamente-la-misma-imagen-base.-No-cambiar-la-bolsa-no-cambiar-el-cafe-en-938606.png\" \/>\n\t<meta property=\"og:image:width\" content=\"880\" \/>\n\t<meta property=\"og:image:height\" content=\"1184\" \/>\n\t<meta property=\"og:image:type\" content=\"image\/png\" \/>\n<meta name=\"twitter:card\" content=\"summary_large_image\" \/>\n<meta name=\"twitter:label1\" content=\"Est. reading time\" \/>\n\t<meta name=\"twitter:data1\" content=\"1 minute\" \/>\n<script type=\"application\/ld+json\" class=\"yoast-schema-graph\">{\"@context\":\"https:\\\/\\\/schema.org\",\"@graph\":[{\"@type\":\"WebPage\",\"@id\":\"https:\\\/\\\/caffesapori.com\\\/product\\\/cafe-honduras-la-tranquila\\\/\",\"url\":\"https:\\\/\\\/caffesapori.com\\\/product\\\/cafe-honduras-la-tranquila\\\/\",\"name\":\"Caf\u00e9 Honduras La Tranquila - Caff\u00e8 &amp; Sapori\",\"isPartOf\":{\"@id\":\"https:\\\/\\\/caffesapori.com\\\/#website\"},\"primaryImageOfPage\":{\"@id\":\"https:\\\/\\\/caffesapori.com\\\/product\\\/cafe-honduras-la-tranquila\\\/#primaryimage\"},\"image\":{\"@id\":\"https:\\\/\\\/caffesapori.com\\\/product\\\/cafe-honduras-la-tranquila\\\/#primaryimage\"},\"thumbnailUrl\":\"https:\\\/\\\/caffesapori.com\\\/wp-content\\\/uploads\\\/2026\\\/04\\\/Firefly_Mantener-exactamente-la-misma-imagen-base.-No-cambiar-la-bolsa-no-cambiar-el-cafe-en-938606.png\",\"datePublished\":\"2026-04-01T18:08:19+00:00\",\"dateModified\":\"2026-04-01T18:10:44+00:00\",\"description\":\"Caf\u00e9 de especialidad Honduras La Tranquila, con notas de miel, frutos secos y cacao suave. Perfil dulce y equilibrado. Ideal para espresso, V60 y moka.\",\"breadcrumb\":{\"@id\":\"https:\\\/\\\/caffesapori.com\\\/product\\\/cafe-honduras-la-tranquila\\\/#breadcrumb\"},\"inLanguage\":\"en-US\",\"potentialAction\":[{\"@type\":\"ReadAction\",\"target\":[\"https:\\\/\\\/caffesapori.com\\\/product\\\/cafe-honduras-la-tranquila\\\/\"]}]},{\"@type\":\"ImageObject\",\"inLanguage\":\"en-US\",\"@id\":\"https:\\\/\\\/caffesapori.com\\\/product\\\/cafe-honduras-la-tranquila\\\/#primaryimage\",\"url\":\"https:\\\/\\\/caffesapori.com\\\/wp-content\\\/uploads\\\/2026\\\/04\\\/Firefly_Mantener-exactamente-la-misma-imagen-base.-No-cambiar-la-bolsa-no-cambiar-el-cafe-en-938606.png\",\"contentUrl\":\"https:\\\/\\\/caffesapori.com\\\/wp-content\\\/uploads\\\/2026\\\/04\\\/Firefly_Mantener-exactamente-la-misma-imagen-base.-No-cambiar-la-bolsa-no-cambiar-el-cafe-en-938606.png\",\"width\":880,\"height\":1184},{\"@type\":\"BreadcrumbList\",\"@id\":\"https:\\\/\\\/caffesapori.com\\\/product\\\/cafe-honduras-la-tranquila\\\/#breadcrumb\",\"itemListElement\":[{\"@type\":\"ListItem\",\"position\":1,\"name\":\"Inicio\",\"item\":\"https:\\\/\\\/caffesapori.com\\\/\"},{\"@type\":\"ListItem\",\"position\":2,\"name\":\"Tienda online\",\"item\":\"https:\\\/\\\/caffesapori.com\\\/shop\\\/\"},{\"@type\":\"ListItem\",\"position\":3,\"name\":\"Caf\u00e9 Honduras La Tranquila\"}]},{\"@type\":\"WebSite\",\"@id\":\"https:\\\/\\\/caffesapori.com\\\/#website\",\"url\":\"https:\\\/\\\/caffesapori.com\\\/\",\"name\":\"Caff\u00e8 &amp; Sapori\",\"description\":\"Il gusto dell\u2019Italia\",\"publisher\":{\"@id\":\"https:\\\/\\\/caffesapori.com\\\/#organization\"},\"potentialAction\":[{\"@type\":\"SearchAction\",\"target\":{\"@type\":\"EntryPoint\",\"urlTemplate\":\"https:\\\/\\\/caffesapori.com\\\/?s={search_term_string}\"},\"query-input\":{\"@type\":\"PropertyValueSpecification\",\"valueRequired\":true,\"valueName\":\"search_term_string\"}}],\"inLanguage\":\"en-US\"},{\"@type\":\"Organization\",\"@id\":\"https:\\\/\\\/caffesapori.com\\\/#organization\",\"name\":\"Caff\u00e8 &amp; Sapori\",\"url\":\"https:\\\/\\\/caffesapori.com\\\/\",\"logo\":{\"@type\":\"ImageObject\",\"inLanguage\":\"en-US\",\"@id\":\"https:\\\/\\\/caffesapori.com\\\/#\\\/schema\\\/logo\\\/image\\\/\",\"url\":\"\",\"contentUrl\":\"\",\"caption\":\"Caff\u00e8 &amp; Sapori\"},\"image\":{\"@id\":\"https:\\\/\\\/caffesapori.com\\\/#\\\/schema\\\/logo\\\/image\\\/\"}}]}<\/script>\n<!-- \/ Yoast SEO plugin. -->","yoast_head_json":{"title":"Caf\u00e9 Honduras La Tranquila - Caff\u00e8 &amp; Sapori","description":"Caf\u00e9 de especialidad Honduras La Tranquila, con notas de miel, frutos secos y cacao suave. Perfil dulce y equilibrado. Ideal para espresso, V60 y moka.","robots":{"index":"index","follow":"follow","max-snippet":"max-snippet:-1","max-image-preview":"max-image-preview:large","max-video-preview":"max-video-preview:-1"},"canonical":"https:\/\/caffesapori.com\/en\/product\/cafe-honduras-la-tranquila\/","og_locale":"en_US","og_type":"article","og_title":"Caf\u00e9 Honduras La Tranquila - Caff\u00e8 &amp; Sapori","og_description":"Caf\u00e9 de especialidad Honduras La Tranquila, con notas de miel, frutos secos y cacao suave. Perfil dulce y equilibrado. Ideal para espresso, V60 y moka.","og_url":"https:\/\/caffesapori.com\/en\/product\/cafe-honduras-la-tranquila\/","og_site_name":"Caff\u00e8 &amp; Sapori","article_modified_time":"2026-04-01T18:10:44+00:00","og_image":[{"width":880,"height":1184,"url":"http:\/\/caffesapori.com\/wp-content\/uploads\/2026\/04\/Firefly_Mantener-exactamente-la-misma-imagen-base.-No-cambiar-la-bolsa-no-cambiar-el-cafe-en-938606.png","type":"image\/png"}],"twitter_card":"summary_large_image","twitter_misc":{"Est. reading time":"1 minute"},"schema":{"@context":"https:\/\/schema.org","@graph":[{"@type":"WebPage","@id":"https:\/\/caffesapori.com\/product\/cafe-honduras-la-tranquila\/","url":"https:\/\/caffesapori.com\/product\/cafe-honduras-la-tranquila\/","name":"Caf\u00e9 Honduras La Tranquila - Caff\u00e8 &amp; Sapori","isPartOf":{"@id":"https:\/\/caffesapori.com\/#website"},"primaryImageOfPage":{"@id":"https:\/\/caffesapori.com\/product\/cafe-honduras-la-tranquila\/#primaryimage"},"image":{"@id":"https:\/\/caffesapori.com\/product\/cafe-honduras-la-tranquila\/#primaryimage"},"thumbnailUrl":"https:\/\/caffesapori.com\/wp-content\/uploads\/2026\/04\/Firefly_Mantener-exactamente-la-misma-imagen-base.-No-cambiar-la-bolsa-no-cambiar-el-cafe-en-938606.png","datePublished":"2026-04-01T18:08:19+00:00","dateModified":"2026-04-01T18:10:44+00:00","description":"Caf\u00e9 de especialidad Honduras La Tranquila, con notas de miel, frutos secos y cacao suave. Perfil dulce y equilibrado. Ideal para espresso, V60 y moka.","breadcrumb":{"@id":"https:\/\/caffesapori.com\/product\/cafe-honduras-la-tranquila\/#breadcrumb"},"inLanguage":"en-US","potentialAction":[{"@type":"ReadAction","target":["https:\/\/caffesapori.com\/product\/cafe-honduras-la-tranquila\/"]}]},{"@type":"ImageObject","inLanguage":"en-US","@id":"https:\/\/caffesapori.com\/product\/cafe-honduras-la-tranquila\/#primaryimage","url":"https:\/\/caffesapori.com\/wp-content\/uploads\/2026\/04\/Firefly_Mantener-exactamente-la-misma-imagen-base.-No-cambiar-la-bolsa-no-cambiar-el-cafe-en-938606.png","contentUrl":"https:\/\/caffesapori.com\/wp-content\/uploads\/2026\/04\/Firefly_Mantener-exactamente-la-misma-imagen-base.-No-cambiar-la-bolsa-no-cambiar-el-cafe-en-938606.png","width":880,"height":1184},{"@type":"BreadcrumbList","@id":"https:\/\/caffesapori.com\/product\/cafe-honduras-la-tranquila\/#breadcrumb","itemListElement":[{"@type":"ListItem","position":1,"name":"Inicio","item":"https:\/\/caffesapori.com\/"},{"@type":"ListItem","position":2,"name":"Tienda online","item":"https:\/\/caffesapori.com\/shop\/"},{"@type":"ListItem","position":3,"name":"Caf\u00e9 Honduras La Tranquila"}]},{"@type":"WebSite","@id":"https:\/\/caffesapori.com\/#website","url":"https:\/\/caffesapori.com\/","name":"Caff\u00e8 &amp; Sapori","description":"Il gusto dell\u2019Italia","publisher":{"@id":"https:\/\/caffesapori.com\/#organization"},"potentialAction":[{"@type":"SearchAction","target":{"@type":"EntryPoint","urlTemplate":"https:\/\/caffesapori.com\/?s={search_term_string}"},"query-input":{"@type":"PropertyValueSpecification","valueRequired":true,"valueName":"search_term_string"}}],"inLanguage":"en-US"},{"@type":"Organization","@id":"https:\/\/caffesapori.com\/#organization","name":"Caff\u00e8 &amp; Sapori","url":"https:\/\/caffesapori.com\/","logo":{"@type":"ImageObject","inLanguage":"en-US","@id":"https:\/\/caffesapori.com\/#\/schema\/logo\/image\/","url":"","contentUrl":"","caption":"Caff\u00e8 &amp; Sapori"},"image":{"@id":"https:\/\/caffesapori.com\/#\/schema\/logo\/image\/"}}]}},"_links":{"self":[{"href":"https:\/\/caffesapori.com\/en\/wp-json\/wp\/v2\/product\/35992","targetHints":{"allow":["GET"]}}],"collection":[{"href":"https:\/\/caffesapori.com\/en\/wp-json\/wp\/v2\/product"}],"about":[{"href":"https:\/\/caffesapori.com\/en\/wp-json\/wp\/v2\/types\/product"}],"replies":[{"embeddable":true,"href":"https:\/\/caffesapori.com\/en\/wp-json\/wp\/v2\/comments?post=35992"}],"wp:featuredmedia":[{"embeddable":true,"href":"https:\/\/caffesapori.com\/en\/wp-json\/wp\/v2\/media\/35990"}],"wp:attachment":[{"href":"https:\/\/caffesapori.com\/en\/wp-json\/wp\/v2\/media?parent=35992"}],"wp:term":[{"taxonomy":"product_brand","embeddable":true,"href":"https:\/\/caffesapori.com\/en\/wp-json\/wp\/v2\/product_brand?post=35992"},{"taxonomy":"product_cat","embeddable":true,"href":"https:\/\/caffesapori.com\/en\/wp-json\/wp\/v2\/product_cat?post=35992"},{"taxonomy":"product_tag","embeddable":true,"href":"https:\/\/caffesapori.com\/en\/wp-json\/wp\/v2\/product_tag?post=35992"}],"curies":[{"name":"wp","href":"https:\/\/api.w.org\/{rel}","templated":true}]}}