{"id":35993,"date":"2026-04-01T15:11:17","date_gmt":"2026-04-01T18:11:17","guid":{"rendered":"https:\/\/caffesapori.com\/?post_type=product&#038;p=35993"},"modified":"2026-04-01T15:13:36","modified_gmt":"2026-04-01T18:13:36","slug":"cafe-guatemala-fraijanes","status":"publish","type":"product","link":"https:\/\/caffesapori.com\/en\/product\/cafe-guatemala-fraijanes\/","title":{"rendered":"Caf\u00e9 Guatemala Fraijanes"},"content":{"rendered":"<p data-start=\"0\" data-end=\"257\">Descubr\u00ed <strong data-start=\"33\" data-end=\"61\">Caf\u00e9 Guatemala Fraijanes<\/strong>, un caf\u00e9 de especialidad que se destaca por su perfil equilibrado, expresivo y lleno de matices. Una opci\u00f3n ideal para quienes buscan una taza con identidad, dulzura natural y un final agradable.<\/p>\n<p data-start=\"259\" data-end=\"549\">Elaborado con <strong data-start=\"273\" data-end=\"291\">proceso lavado<\/strong>, este caf\u00e9 ofrece una taza limpia y definida, donde se lucen sus notas de <strong data-start=\"366\" data-end=\"398\">manzana roja, panela y cacao<\/strong>. La combinaci\u00f3n de estos matices da como resultado un perfil arm\u00f3nico, con un delicado toque frutal, dulzura envolvente y una base suave achocolatada.<\/p>\n<p data-start=\"551\" data-end=\"744\">Es una variedad vers\u00e1til y muy disfrutable, pensada tanto para quienes ya conocen el caf\u00e9 de especialidad como para quienes desean explorar perfiles m\u00e1s complejos sin perder equilibrio en taza.<\/p>\n<p data-start=\"746\" data-end=\"909\">Se recomienda especialmente para m\u00e9todos como <strong data-start=\"792\" data-end=\"816\">Espresso, Moka y V60<\/strong>, donde puede expresar su car\u00e1cter, su claridad y la riqueza de sus notas con gran precisi\u00f3n.<\/p>\n<p data-start=\"911\" data-end=\"1018\">Un caf\u00e9 que invita a disfrutar cada preparaci\u00f3n con calma, descubriendo nuevas capas de sabor en cada taza.<\/p>","protected":false},"excerpt":{"rendered":"<p data-start=\"1025\" data-end=\"1240\">Caf\u00e9 de especialidad Guatemala Fraijanes, elaborado con proceso lavado. Presenta notas de manzana roja, panela y cacao, con un perfil equilibrado y expresivo. Ideal para Espresso, Moka y V60.<\/p>","protected":false},"featured_media":35990,"comment_status":"open","ping_status":"closed","template":"","meta":{"_joinchat":[]},"product_brand":[],"product_cat":[261,264,263],"product_tag":[],"class_list":{"0":"post-35993","1":"product","2":"type-product","3":"status-publish","4":"has-post-thumbnail","6":"product_cat-cafe","7":"product_cat-cafe-en-grano","8":"product_cat-cafe-molido-cafe","10":"first","11":"instock","12":"shipping-taxable","13":"purchasable","14":"product-type-simple"},"yoast_head":"<!-- This site is optimized with the Yoast SEO plugin v27.3 - https:\/\/yoast.com\/product\/yoast-seo-wordpress\/ -->\n<title>Caf\u00e9 Guatemala Fraijanes - Caff\u00e8 &amp; Sapori<\/title>\n<meta name=\"description\" content=\"Caf\u00e9 de especialidad Guatemala Fraijanes, con notas de manzana roja, panela y cacao. Proceso lavado. Ideal para espresso, moka y V60.\" \/>\n<meta name=\"robots\" content=\"index, follow, max-snippet:-1, max-image-preview:large, max-video-preview:-1\" \/>\n<link rel=\"canonical\" href=\"https:\/\/caffesapori.com\/en\/product\/cafe-guatemala-fraijanes\/\" \/>\n<meta property=\"og:locale\" content=\"en_US\" \/>\n<meta property=\"og:type\" content=\"article\" \/>\n<meta property=\"og:title\" content=\"Caf\u00e9 Guatemala Fraijanes - Caff\u00e8 &amp; Sapori\" \/>\n<meta property=\"og:description\" content=\"Caf\u00e9 de especialidad Guatemala Fraijanes, con notas de manzana roja, panela y cacao. Proceso lavado. Ideal para espresso, moka y V60.\" \/>\n<meta property=\"og:url\" content=\"https:\/\/caffesapori.com\/en\/product\/cafe-guatemala-fraijanes\/\" \/>\n<meta property=\"og:site_name\" content=\"Caff\u00e8 &amp; Sapori\" \/>\n<meta property=\"article:modified_time\" content=\"2026-04-01T18:13:36+00:00\" \/>\n<meta property=\"og:image\" content=\"http:\/\/caffesapori.com\/wp-content\/uploads\/2026\/04\/Firefly_Mantener-exactamente-la-misma-imagen-base.-No-cambiar-la-bolsa-no-cambiar-el-cafe-en-938606.png\" \/>\n\t<meta property=\"og:image:width\" content=\"880\" \/>\n\t<meta property=\"og:image:height\" content=\"1184\" \/>\n\t<meta property=\"og:image:type\" content=\"image\/png\" \/>\n<meta name=\"twitter:card\" content=\"summary_large_image\" \/>\n<meta name=\"twitter:label1\" content=\"Est. reading time\" \/>\n\t<meta name=\"twitter:data1\" content=\"1 minute\" \/>\n<script type=\"application\/ld+json\" class=\"yoast-schema-graph\">{\"@context\":\"https:\\\/\\\/schema.org\",\"@graph\":[{\"@type\":\"WebPage\",\"@id\":\"https:\\\/\\\/caffesapori.com\\\/product\\\/cafe-guatemala-fraijanes\\\/\",\"url\":\"https:\\\/\\\/caffesapori.com\\\/product\\\/cafe-guatemala-fraijanes\\\/\",\"name\":\"Caf\u00e9 Guatemala Fraijanes - Caff\u00e8 &amp; Sapori\",\"isPartOf\":{\"@id\":\"https:\\\/\\\/caffesapori.com\\\/#website\"},\"primaryImageOfPage\":{\"@id\":\"https:\\\/\\\/caffesapori.com\\\/product\\\/cafe-guatemala-fraijanes\\\/#primaryimage\"},\"image\":{\"@id\":\"https:\\\/\\\/caffesapori.com\\\/product\\\/cafe-guatemala-fraijanes\\\/#primaryimage\"},\"thumbnailUrl\":\"https:\\\/\\\/caffesapori.com\\\/wp-content\\\/uploads\\\/2026\\\/04\\\/Firefly_Mantener-exactamente-la-misma-imagen-base.-No-cambiar-la-bolsa-no-cambiar-el-cafe-en-938606.png\",\"datePublished\":\"2026-04-01T18:11:17+00:00\",\"dateModified\":\"2026-04-01T18:13:36+00:00\",\"description\":\"Caf\u00e9 de especialidad Guatemala Fraijanes, con notas de manzana roja, panela y cacao. Proceso lavado. Ideal para espresso, moka y V60.\",\"breadcrumb\":{\"@id\":\"https:\\\/\\\/caffesapori.com\\\/product\\\/cafe-guatemala-fraijanes\\\/#breadcrumb\"},\"inLanguage\":\"en-US\",\"potentialAction\":[{\"@type\":\"ReadAction\",\"target\":[\"https:\\\/\\\/caffesapori.com\\\/product\\\/cafe-guatemala-fraijanes\\\/\"]}]},{\"@type\":\"ImageObject\",\"inLanguage\":\"en-US\",\"@id\":\"https:\\\/\\\/caffesapori.com\\\/product\\\/cafe-guatemala-fraijanes\\\/#primaryimage\",\"url\":\"https:\\\/\\\/caffesapori.com\\\/wp-content\\\/uploads\\\/2026\\\/04\\\/Firefly_Mantener-exactamente-la-misma-imagen-base.-No-cambiar-la-bolsa-no-cambiar-el-cafe-en-938606.png\",\"contentUrl\":\"https:\\\/\\\/caffesapori.com\\\/wp-content\\\/uploads\\\/2026\\\/04\\\/Firefly_Mantener-exactamente-la-misma-imagen-base.-No-cambiar-la-bolsa-no-cambiar-el-cafe-en-938606.png\",\"width\":880,\"height\":1184},{\"@type\":\"BreadcrumbList\",\"@id\":\"https:\\\/\\\/caffesapori.com\\\/product\\\/cafe-guatemala-fraijanes\\\/#breadcrumb\",\"itemListElement\":[{\"@type\":\"ListItem\",\"position\":1,\"name\":\"Inicio\",\"item\":\"https:\\\/\\\/caffesapori.com\\\/\"},{\"@type\":\"ListItem\",\"position\":2,\"name\":\"Tienda online\",\"item\":\"https:\\\/\\\/caffesapori.com\\\/shop\\\/\"},{\"@type\":\"ListItem\",\"position\":3,\"name\":\"Caf\u00e9 Guatemala Fraijanes\"}]},{\"@type\":\"WebSite\",\"@id\":\"https:\\\/\\\/caffesapori.com\\\/#website\",\"url\":\"https:\\\/\\\/caffesapori.com\\\/\",\"name\":\"Caff\u00e8 &amp; Sapori\",\"description\":\"Il gusto dell\u2019Italia\",\"publisher\":{\"@id\":\"https:\\\/\\\/caffesapori.com\\\/#organization\"},\"potentialAction\":[{\"@type\":\"SearchAction\",\"target\":{\"@type\":\"EntryPoint\",\"urlTemplate\":\"https:\\\/\\\/caffesapori.com\\\/?s={search_term_string}\"},\"query-input\":{\"@type\":\"PropertyValueSpecification\",\"valueRequired\":true,\"valueName\":\"search_term_string\"}}],\"inLanguage\":\"en-US\"},{\"@type\":\"Organization\",\"@id\":\"https:\\\/\\\/caffesapori.com\\\/#organization\",\"name\":\"Caff\u00e8 &amp; Sapori\",\"url\":\"https:\\\/\\\/caffesapori.com\\\/\",\"logo\":{\"@type\":\"ImageObject\",\"inLanguage\":\"en-US\",\"@id\":\"https:\\\/\\\/caffesapori.com\\\/#\\\/schema\\\/logo\\\/image\\\/\",\"url\":\"\",\"contentUrl\":\"\",\"caption\":\"Caff\u00e8 &amp; Sapori\"},\"image\":{\"@id\":\"https:\\\/\\\/caffesapori.com\\\/#\\\/schema\\\/logo\\\/image\\\/\"}}]}<\/script>\n<!-- \/ Yoast SEO plugin. -->","yoast_head_json":{"title":"Caf\u00e9 Guatemala Fraijanes - Caff\u00e8 &amp; Sapori","description":"Caf\u00e9 de especialidad Guatemala Fraijanes, con notas de manzana roja, panela y cacao. Proceso lavado. Ideal para espresso, moka y V60.","robots":{"index":"index","follow":"follow","max-snippet":"max-snippet:-1","max-image-preview":"max-image-preview:large","max-video-preview":"max-video-preview:-1"},"canonical":"https:\/\/caffesapori.com\/en\/product\/cafe-guatemala-fraijanes\/","og_locale":"en_US","og_type":"article","og_title":"Caf\u00e9 Guatemala Fraijanes - Caff\u00e8 &amp; Sapori","og_description":"Caf\u00e9 de especialidad Guatemala Fraijanes, con notas de manzana roja, panela y cacao. Proceso lavado. Ideal para espresso, moka y V60.","og_url":"https:\/\/caffesapori.com\/en\/product\/cafe-guatemala-fraijanes\/","og_site_name":"Caff\u00e8 &amp; Sapori","article_modified_time":"2026-04-01T18:13:36+00:00","og_image":[{"width":880,"height":1184,"url":"http:\/\/caffesapori.com\/wp-content\/uploads\/2026\/04\/Firefly_Mantener-exactamente-la-misma-imagen-base.-No-cambiar-la-bolsa-no-cambiar-el-cafe-en-938606.png","type":"image\/png"}],"twitter_card":"summary_large_image","twitter_misc":{"Est. reading time":"1 minute"},"schema":{"@context":"https:\/\/schema.org","@graph":[{"@type":"WebPage","@id":"https:\/\/caffesapori.com\/product\/cafe-guatemala-fraijanes\/","url":"https:\/\/caffesapori.com\/product\/cafe-guatemala-fraijanes\/","name":"Caf\u00e9 Guatemala Fraijanes - Caff\u00e8 &amp; Sapori","isPartOf":{"@id":"https:\/\/caffesapori.com\/#website"},"primaryImageOfPage":{"@id":"https:\/\/caffesapori.com\/product\/cafe-guatemala-fraijanes\/#primaryimage"},"image":{"@id":"https:\/\/caffesapori.com\/product\/cafe-guatemala-fraijanes\/#primaryimage"},"thumbnailUrl":"https:\/\/caffesapori.com\/wp-content\/uploads\/2026\/04\/Firefly_Mantener-exactamente-la-misma-imagen-base.-No-cambiar-la-bolsa-no-cambiar-el-cafe-en-938606.png","datePublished":"2026-04-01T18:11:17+00:00","dateModified":"2026-04-01T18:13:36+00:00","description":"Caf\u00e9 de especialidad Guatemala Fraijanes, con notas de manzana roja, panela y cacao. Proceso lavado. Ideal para espresso, moka y V60.","breadcrumb":{"@id":"https:\/\/caffesapori.com\/product\/cafe-guatemala-fraijanes\/#breadcrumb"},"inLanguage":"en-US","potentialAction":[{"@type":"ReadAction","target":["https:\/\/caffesapori.com\/product\/cafe-guatemala-fraijanes\/"]}]},{"@type":"ImageObject","inLanguage":"en-US","@id":"https:\/\/caffesapori.com\/product\/cafe-guatemala-fraijanes\/#primaryimage","url":"https:\/\/caffesapori.com\/wp-content\/uploads\/2026\/04\/Firefly_Mantener-exactamente-la-misma-imagen-base.-No-cambiar-la-bolsa-no-cambiar-el-cafe-en-938606.png","contentUrl":"https:\/\/caffesapori.com\/wp-content\/uploads\/2026\/04\/Firefly_Mantener-exactamente-la-misma-imagen-base.-No-cambiar-la-bolsa-no-cambiar-el-cafe-en-938606.png","width":880,"height":1184},{"@type":"BreadcrumbList","@id":"https:\/\/caffesapori.com\/product\/cafe-guatemala-fraijanes\/#breadcrumb","itemListElement":[{"@type":"ListItem","position":1,"name":"Inicio","item":"https:\/\/caffesapori.com\/"},{"@type":"ListItem","position":2,"name":"Tienda online","item":"https:\/\/caffesapori.com\/shop\/"},{"@type":"ListItem","position":3,"name":"Caf\u00e9 Guatemala Fraijanes"}]},{"@type":"WebSite","@id":"https:\/\/caffesapori.com\/#website","url":"https:\/\/caffesapori.com\/","name":"Caff\u00e8 &amp; Sapori","description":"Il gusto dell\u2019Italia","publisher":{"@id":"https:\/\/caffesapori.com\/#organization"},"potentialAction":[{"@type":"SearchAction","target":{"@type":"EntryPoint","urlTemplate":"https:\/\/caffesapori.com\/?s={search_term_string}"},"query-input":{"@type":"PropertyValueSpecification","valueRequired":true,"valueName":"search_term_string"}}],"inLanguage":"en-US"},{"@type":"Organization","@id":"https:\/\/caffesapori.com\/#organization","name":"Caff\u00e8 &amp; Sapori","url":"https:\/\/caffesapori.com\/","logo":{"@type":"ImageObject","inLanguage":"en-US","@id":"https:\/\/caffesapori.com\/#\/schema\/logo\/image\/","url":"","contentUrl":"","caption":"Caff\u00e8 &amp; Sapori"},"image":{"@id":"https:\/\/caffesapori.com\/#\/schema\/logo\/image\/"}}]}},"_links":{"self":[{"href":"https:\/\/caffesapori.com\/en\/wp-json\/wp\/v2\/product\/35993","targetHints":{"allow":["GET"]}}],"collection":[{"href":"https:\/\/caffesapori.com\/en\/wp-json\/wp\/v2\/product"}],"about":[{"href":"https:\/\/caffesapori.com\/en\/wp-json\/wp\/v2\/types\/product"}],"replies":[{"embeddable":true,"href":"https:\/\/caffesapori.com\/en\/wp-json\/wp\/v2\/comments?post=35993"}],"wp:featuredmedia":[{"embeddable":true,"href":"https:\/\/caffesapori.com\/en\/wp-json\/wp\/v2\/media\/35990"}],"wp:attachment":[{"href":"https:\/\/caffesapori.com\/en\/wp-json\/wp\/v2\/media?parent=35993"}],"wp:term":[{"taxonomy":"product_brand","embeddable":true,"href":"https:\/\/caffesapori.com\/en\/wp-json\/wp\/v2\/product_brand?post=35993"},{"taxonomy":"product_cat","embeddable":true,"href":"https:\/\/caffesapori.com\/en\/wp-json\/wp\/v2\/product_cat?post=35993"},{"taxonomy":"product_tag","embeddable":true,"href":"https:\/\/caffesapori.com\/en\/wp-json\/wp\/v2\/product_tag?post=35993"}],"curies":[{"name":"wp","href":"https:\/\/api.w.org\/{rel}","templated":true}]}}